{"id":1368,"date":"2022-09-26T10:23:58","date_gmt":"2022-09-26T10:23:58","guid":{"rendered":"https:\/\/imara-ya-furaha.ch\/?page_id=1368"},"modified":"2022-09-28T15:59:08","modified_gmt":"2022-09-28T15:59:08","slug":"fci-standard","status":"publish","type":"page","link":"https:\/\/imara-ya-furaha.ch\/en\/fci-standard\/","title":{"rendered":"FCI Standard"},"content":{"rendered":"<div data-elementor-type=\"wp-page\" data-elementor-id=\"1368\" class=\"elementor elementor-1368\" data-elementor-post-type=\"page\">\n\t\t\t\t\t\t<section class=\"elementor-section elementor-top-section elementor-element elementor-element-5a329a2 elementor-section-height-min-height elementor-section-boxed elementor-section-height-default elementor-section-items-middle\" data-id=\"5a329a2\" data-element_type=\"section\" data-e-type=\"section\" data-settings=\"{&quot;background_background&quot;:&quot;classic&quot;,&quot;shape_divider_bottom&quot;:&quot;tilt&quot;}\">\n\t\t\t\t\t\t\t<div class=\"elementor-background-overlay\"><\/div>\n\t\t\t\t\t\t<div class=\"elementor-shape elementor-shape-bottom\" aria-hidden=\"true\" data-negative=\"false\">\n\t\t\t<svg xmlns=\"http:\/\/www.w3.org\/2000\/svg\" viewbox=\"0 0 1000 100\" preserveaspectratio=\"none\">\n\t<path class=\"elementor-shape-fill\" d=\"M0,6V0h1000v100L0,6z\"\/>\n<\/svg>\t\t<\/div>\n\t\t\t\t\t<div class=\"elementor-container elementor-column-gap-no\">\n\t\t\t\t\t<div class=\"elementor-column elementor-col-100 elementor-top-column elementor-element elementor-element-28a60f4b\" data-id=\"28a60f4b\" data-element_type=\"column\" data-e-type=\"column\">\n\t\t\t<div class=\"elementor-widget-wrap elementor-element-populated\">\n\t\t\t\t\t\t<div class=\"elementor-element elementor-element-dc21a41 elementor-widget elementor-widget-heading\" data-id=\"dc21a41\" data-element_type=\"widget\" data-e-type=\"widget\" data-widget_type=\"heading.default\">\n\t\t\t\t<div class=\"elementor-widget-container\">\n\t\t\t\t\t<h1 class=\"elementor-heading-title elementor-size-default\">FCI Standard<\/h1>\t\t\t\t<\/div>\n\t\t\t\t<\/div>\n\t\t\t\t<div class=\"elementor-element elementor-element-6b478e7a elementor-widget-divider--view-line_text elementor-widget-divider--element-align-center elementor-widget elementor-widget-divider\" data-id=\"6b478e7a\" data-element_type=\"widget\" data-e-type=\"widget\" data-widget_type=\"divider.default\">\n\t\t\t\t<div class=\"elementor-widget-container\">\n\t\t\t\t\t\t\t<div class=\"elementor-divider\">\n\t\t\t<span class=\"elementor-divider-separator\">\n\t\t\t\t\t\t\t<span class=\"elementor-divider__text elementor-divider__element\">\n\t\t\t\tFCI-Standard Nr. 146\t\t\t\t<\/span>\n\t\t\t\t\t\t<\/span>\n\t\t<\/div>\n\t\t\t\t\t\t<\/div>\n\t\t\t\t<\/div>\n\t\t\t\t\t<\/div>\n\t\t<\/div>\n\t\t\t\t\t<\/div>\n\t\t<\/section>\n\t\t\t\t<section class=\"elementor-section elementor-top-section elementor-element elementor-element-59a83950 elementor-section-boxed elementor-section-height-default elementor-section-height-default\" data-id=\"59a83950\" data-element_type=\"section\" data-e-type=\"section\">\n\t\t\t\t\t\t<div class=\"elementor-container elementor-column-gap-no\">\n\t\t\t\t\t<div class=\"elementor-column elementor-col-100 elementor-top-column elementor-element elementor-element-3c463884\" data-id=\"3c463884\" data-element_type=\"column\" data-e-type=\"column\">\n\t\t\t<div class=\"elementor-widget-wrap elementor-element-populated\">\n\t\t\t\t\t\t<div class=\"elementor-element elementor-element-71535317 elementor-widget elementor-widget-image\" data-id=\"71535317\" data-element_type=\"widget\" data-e-type=\"widget\" data-widget_type=\"image.default\">\n\t\t\t\t<div class=\"elementor-widget-container\">\n\t\t\t\t\t\t\t\t\t\t\t\t\t\t\t<img decoding=\"async\" width=\"45\" height=\"70\" src=\"https:\/\/imara-ya-furaha.ch\/wp-content\/uploads\/2020\/06\/flower-icon-01.png\" class=\"attachment-full size-full wp-image-698\" alt=\"\" \/>\t\t\t\t\t\t\t\t\t\t\t\t\t\t\t<\/div>\n\t\t\t\t<\/div>\n\t\t\t\t<div class=\"elementor-element elementor-element-716f1559 elementor-widget elementor-widget-text-editor\" data-id=\"716f1559\" data-element_type=\"widget\" data-e-type=\"widget\" data-widget_type=\"text-editor.default\">\n\t\t\t\t<div class=\"elementor-widget-container\">\n\t\t\t\t\t\t\t\t\t<p>10.12.1996 (Datum der Publikation des g\u00fcltigen Originalstandards), \u00fcbersetzt von Herrn Jochen H. Eberhardt.<\/p><p class=\" translation-block\"><strong>FCI-Classification<\/strong><br>Group 6 Scenthounds and related breeds.\n<br>Section 3 Related breeds.\n<br>Without working trial.<\/p><p><strong>Verwendung<\/strong><br \/>Vielenorts auf der Welt wird der Rhodesian Ridgeback noch als Jagdhund verwendet, er ist aber auch als Wachhund und als Familienhund sehr gesch\u00e4tzt.<\/p><p><strong>Kurzer geschichtlicher Abriss<\/strong><br \/>Der Rhodesian Ridgeback ist heute die einzige im s\u00fcdlichen Afrika eingeborene Hunderasse. Die Vorfahren dieses Hundes stammen aus der s\u00fcdafrikanischen Kap-Kolonie, wo sie mit den Hunden der ersten Pioniere und mit den halbdomestizierten Ridgeback-Jagdhunden der Hottentotten gekreuzt wurden. Diese Ridgeback- oder L\u00f6wenhunde jagten meisten in kleinen Gruppen zu zweit oder zu dritt; ihre urspr\u00fcngliche Aufgabe bestand darin, das Wild, ganz besonders den L\u00f6wen, zu verfolgen und es mit grosser Wendigkeit bis zum Eintreffen des J\u00e4gers zu umstellen. Der erste Standard wurde in Anlehnung an den Standard des Dalmatiners im Jahre 1922 durch F.R. Barner in Bulamayo, Rhodesien, verfasst. Er wurde von der S\u00fcdafrikanischen Kynologischen Union im Jahre 1926 genehmigt.<\/p><p><strong>Allgemeine Erscheinung<\/strong><br \/>Der Rhodesian Ridgeback ist ein gut ausgewogener, kr\u00e4ftiger, muskul\u00f6ser, flinker und aktiver Hund. Er ist harmonisch in seiner Erscheinung und kann bei betr\u00e4chtlicher Geschwindigkeit sehr ausdauernd sein. Es werden haupts\u00e4chlich Beh\u00e4ndigkeit, Eleganz und gesunde Konstitution ohne Anzeichen von Schwere gew\u00fcnscht. Einzigartig bei dieser Rasse ist der Kamm auf dem R\u00fccken (Ridge), dessen Haare dem \u00fcbrigen K\u00f6rperhaar entgegengesetzt gerichtet wachsen. Dieser &#8220;Ridge&#8221; ist das wichtigste Erkennungsmerkmal der Rasse. Der &#8220;Ridge&#8221; muss sauber abgegrenzt, symmetrisch und gegen die H\u00fcften spitz zulaufend sein. Er beginnt unmittelbar hinter den Schultern und setzt sich bis zu den H\u00fcfth\u00f6ckern fort; er weist nicht mehr als zwei gleichf\u00f6rmige Kronen (Crowns) auf, die einander gegen\u00fcber angeordnet sind. Die hinteren R\u00e4nder der &#8220;Crowns&#8221; d\u00fcrfen ein Drittel der Gesamtl\u00e4nge des &#8220;Ridge&#8221; nicht \u00fcberschreiten. Als Mittelwert f\u00fcr die Breite des &#8220;Ridge&#8221; ist 5 cm ein guter Durchschnitt.<\/p><p><strong>Verhalten \/ Wesen<\/strong><br \/>W\u00fcrdevoll, erhaben, intelligent. Fremden gegen\u00fcber zur\u00fcckhaltend, jedoch ohne Anzeichen von Aggressivit\u00e4t oder Scheu.<\/p><p><strong>Kopf \/ Oberkopf \/ Hirnsch\u00e4del<\/strong><br \/>Der Hirnsch\u00e4del sollte von angemessener L\u00e4nge sein (die Breite des Sch\u00e4dels zwischen den Beh\u00e4ngen entspricht dem Abstand zwischen Hinterhauptstachel und Stirnabsatz [Stop] sowie demjenigen zwischen Stop und Nasenspitze). Der Sch\u00e4del ist flach und zwischen den Beh\u00e4ngen breit. In entspannter Haltung ist der Kopf frei von Faltenbildung.<\/p><p><strong>Stirnabsatz (Stop)<\/strong><br \/>Der Stop sollte angemessen gut ausgepr\u00e4gt sein, nicht in einer geraden Linie zwischen Hinterhauptstachel zum Nasenschwamm verlaufen.<\/p><p><strong>Nasenschwamm<\/strong><br \/>Schwarz oder braun. Bei schwarzer Nase dunkle, bei brauner Nase bernsteinfarbene Augen.<\/p><p><strong>Fang<\/strong><br \/>Der Fang sollte lang, tief und kr\u00e4ftig sein.<\/p><p><strong>Lefzen (Lippen)<\/strong><br \/>Die Lefzen sollten straff sein und dicht am Kiefer anliegen.<\/p><p><strong>Kiefer \/ Gebiss<\/strong><br \/>Kr\u00e4ftiger Kiefer mit einem perfekt schliessendem und vollst\u00e4ndigem Scherengebiss, wobei die obere Schneidezahnreihe die untere dicht \u00fcbergreift und senkrecht im Kiefer stehen. Die Z\u00e4hne m\u00fcssen gut entwickelt sein, besonders die Eck- oder Fangz\u00e4hne.<\/p><p><strong>Backen<\/strong><br \/>Trocken<\/p><p><strong>Augen<\/strong><br \/>M\u00e4ssig weit voneinander angeordnet, rund, klar und strahlend, mit intelligentem Ausdruck. Die Augenfarbe ist zur Farbe des Haarkleides passend.<\/p><p><strong>Behang<\/strong><br \/>Ziemlich hoch angesetzt, von mittlerer Gr\u00f6sse, ziemlich breit am Ansatz und allm\u00e4hlich zu einer abgerundeten Spitze hin schmaler werdend. Dicht am Kopf anliegend getragen.<\/p><p><strong>Hals<\/strong><br \/>Ziemlich lang, kr\u00e4ftig und ohne lose Kehlhaut<\/p><p><strong>Rumpf \/ R\u00fccken<\/strong><br \/>Kraftvoll<\/p><p><strong>Lenden<\/strong><br \/>Kr\u00e4ftig, muskul\u00f6s und leicht gew\u00f6lbt<\/p><p><strong>Brust \/ Rippenkorb<\/strong><br \/>Sollte nicht zu breit sein, aber sehr tief und ger\u00e4umig. Der tiefste Punkt des Brustbeins sollte in H\u00f6he des Ellbogenpunktes liegen.<\/p><p><strong>Vorbrust<\/strong><br \/>Sollte, von der Seite gesehen, sichtbar sein.<\/p><p><strong>Rippen<\/strong><br \/>M\u00e4ssig gew\u00f6lbt, niemals tonnenf\u00f6rmig<\/p><p><strong>Rute<\/strong><br \/>Am Ansatz kr\u00e4ftig, zur Rutenspitze hin allm\u00e4hlich d\u00fcnner werdend, niemals plump. Von m\u00e4ssiger L\u00e4nge, weder zu hoch noch zu tief angesetzt. Sie wird leicht aufw\u00e4rts gebogen getragen, aber niemals eingerollt.<\/p><p><strong>Gliedmassen \/ Vorderhand<\/strong><br \/>Die Vorderl\u00e4ufe sollten vollst\u00e4ndig gerade sein, stark und mit kr\u00e4ftigen Laufknochen, die Ellenbogen am Rumpf anliegen. Von der Seite gesehen sollte der Vorderlauf breiter sein als von vorn gesehen. Starke Vorderfusswurzelgelenke, Vorderfuss leicht geneigt gestellt.<\/p><p><strong>Schultern<\/strong><br \/>Die Schultern sollten sich, schr\u00e4gliegend, klar abzeichnen und gut bemuskelt sein, Schnelligkeit andeutend.<\/p><p><strong>Pfoten<\/strong><br \/>Kompakt und rund, mit gut gew\u00f6lbten Zehen; Ballen widerstandsf\u00e4hig und elastisch. Die Pfoten sind durch Haarwuchs zwischen den Zehen und den Ballen gesch\u00fctzt.<\/p><p><strong>Hinterhand<\/strong><br \/>Trockene, klar abgezeichnete Muskulatur. Kniegelenk gut gewinkelt. Sprunggelenke kr\u00e4ftig und tief angesetzt.<\/p><p><strong>Gang \/ Bewegung<\/strong><br \/>Parallel, mit gutem Raumgriff, frei und aktiv<\/p><p><strong>Haarkleid \/ Fell<\/strong><br \/>Kurz und dicht, glatt und gl\u00e4nzend im Aussehen, aber weder wollig noch seidig.<\/p><p><strong>Farbe<\/strong><br \/>Hellweizenfarben bis rotweizenfarben. Ein wenig Weiss an der Brust und den Zehen ist statthaft, ausgedehnte weisse Behaarung an Brust, Bauch und Zehen oder oberhalb der Zehen ist unerw\u00fcnscht. Ein dunkler Fang und dunkle Beh\u00e4nge sind erlaubt. Allzu viele schwarze Haare im ganzen Fell sind \u00e4usserst unerw\u00fcnscht.<\/p><p><strong>Gr\u00f6sse<\/strong><br \/>Die erw\u00fcnschten Widerristh\u00f6hen (Schulterh\u00f6hen) sind f\u00fcr<br \/>R\u00fcden: 63 cm bis 69 cm (25 bis 27 inches)<br \/>H\u00fcndinnen: 61 cm bis 66 cm (24 bis 26 inches)<\/p><p><strong>Gewicht<\/strong><br \/>Das erw\u00fcnschte Gewicht ist f\u00fcr<br \/>R\u00fcden: 36.5 kg (80 lbs)<br \/>H\u00fcndinnen: 32.0 kg (70 lbs)<\/p><p><strong>Fehler :<\/strong><br \/>Jede Abweichung von den vorgenannten Punkten muss als Fehler angesehen werden, dessen Bewertung in genauem Verh\u00e4ltnis zum Grad der Abweichung stehen sollte und dessen Einfluss auf die Gesundheit und das Wohlbefinden des Hundes zu beachten ist.<\/p><p><strong>Disqualifizierende Fehler:<\/strong><\/p><ul><li>Aggressive oder \u0171berm\u00e4ssig \u00e4ngstliche Hunde<\/li><li>Hunde, die deutlich physische Abnormalit\u00e4ten oder Verhaltensst\u0151rungen aufweisen, m\u0171ssen disqualifiziert werden.<\/li><\/ul><p><strong>N.B.<\/strong><\/p><ul><li>R\u00fcden sollten zwei offensichtlich normal entwickelte Hoden aufweisen, die sich vollst\u00e4ndig im Hodensack (Skrotum)\u00a0befinden.<\/li><li>Zur Zucht sollen ausschlie\u00dflich funktional und\u00a0klinisch gesunde, rassetypische Hunde verwendet werden.\u00a0<\/li><\/ul><p><strong>Anmerkung<\/strong><br \/>R\u00fcden sollten zwei offensichtlich normal entwickelte Hoden aufweisen, die sich vollst\u00e4ndig im Hodensack (Skrotum) befinden.<\/p>\t\t\t\t\t\t\t\t<\/div>\n\t\t\t\t<\/div>\n\t\t\t\t\t<\/div>\n\t\t<\/div>\n\t\t\t\t\t<\/div>\n\t\t<\/section>\n\t\t\t\t<\/div>","protected":false},"excerpt":{"rendered":"<p>FCI Standard FCI-Standard Nr. 146 10.12.1996 (Datum der Publikation des g\u00fcltigen Originalstandards), \u00fcbersetzt von Herrn Jochen H. Eberhardt. Ursprung \/ HerkunftS\u00fcdliches Afrika. Standard erstellt von der Kennel Union des s\u00fcdlichen Afrika und dem Zimbabwe Kennel Club.Klassifikation FCIGruppe 6: Laufhunde, Schweisshunde und verwandte Rassen.Sektion 3 Verwandte Rassen.Ohne Arbeitspr\u00fcfung VerwendungVielenorts auf der Welt wird der Rhodesian Ridgeback [&hellip;]<\/p>","protected":false},"author":1,"featured_media":0,"parent":0,"menu_order":0,"comment_status":"closed","ping_status":"closed","template":"elementor_header_footer","meta":{"site-sidebar-layout":"no-sidebar","site-content-layout":"page-builder","ast-site-content-layout":"","site-content-style":"default","site-sidebar-style":"default","ast-global-header-display":"","ast-banner-title-visibility":"","ast-main-header-display":"","ast-hfb-above-header-display":"","ast-hfb-below-header-display":"","ast-hfb-mobile-header-display":"","site-post-title":"disabled","ast-breadcrumbs-content":"","ast-featured-img":"disabled","footer-sml-layout":"","theme-transparent-header-meta":"","adv-header-id-meta":"","stick-header-meta":"","header-above-stick-meta":"","header-main-stick-meta":"","header-below-stick-meta":"","astra-migrate-meta-layouts":"default","ast-page-background-enabled":"default","ast-page-background-meta":{"desktop":{"background-color":"","background-image":"","background-repeat":"repeat","background-position":"center center","background-size":"auto","background-attachment":"scroll","background-type":"","background-media":"","overlay-type":"","overlay-color":"","overlay-gradient":""},"tablet":{"background-color":"","background-image":"","background-repeat":"repeat","background-position":"center center","background-size":"auto","background-attachment":"scroll","background-type":"","background-media":"","overlay-type":"","overlay-color":"","overlay-gradient":""},"mobile":{"background-color":"","background-image":"","background-repeat":"repeat","background-position":"center center","background-size":"auto","background-attachment":"scroll","background-type":"","background-media":"","overlay-type":"","overlay-color":"","overlay-gradient":""}},"ast-content-background-meta":{"desktop":{"background-color":"var(--ast-global-color-5)","background-image":"","background-repeat":"repeat","background-position":"center center","background-size":"auto","background-attachment":"scroll","background-type":"","background-media":"","overlay-type":"","overlay-color":"","overlay-gradient":""},"tablet":{"background-color":"var(--ast-global-color-5)","background-image":"","background-repeat":"repeat","background-position":"center center","background-size":"auto","background-attachment":"scroll","background-type":"","background-media":"","overlay-type":"","overlay-color":"","overlay-gradient":""},"mobile":{"background-color":"var(--ast-global-color-5)","background-image":"","background-repeat":"repeat","background-position":"center center","background-size":"auto","background-attachment":"scroll","background-type":"","background-media":"","overlay-type":"","overlay-color":"","overlay-gradient":""}},"footnotes":""},"class_list":["post-1368","page","type-page","status-publish","hentry"],"yoast_head":"<!-- This site is optimized with the Yoast SEO plugin v27.4 - https:\/\/yoast.com\/product\/yoast-seo-wordpress\/ -->\n<title>FCI Standard - Imara ya Furaha<\/title>\n<meta name=\"robots\" content=\"index, follow, max-snippet:-1, max-image-preview:large, max-video-preview:-1\" \/>\n<link rel=\"canonical\" href=\"https:\/\/imara-ya-furaha.ch\/en\/fci-standard\/\" \/>\n<meta property=\"og:locale\" content=\"en_GB\" \/>\n<meta property=\"og:type\" content=\"article\" \/>\n<meta property=\"og:title\" content=\"FCI Standard - Imara ya Furaha\" \/>\n<meta property=\"og:description\" content=\"FCI Standard FCI-Standard Nr. 146 10.12.1996 (Datum der Publikation des g\u00fcltigen Originalstandards), \u00fcbersetzt von Herrn Jochen H. Eberhardt. Ursprung \/ HerkunftS\u00fcdliches Afrika. Standard erstellt von der Kennel Union des s\u00fcdlichen Afrika und dem Zimbabwe Kennel Club.Klassifikation FCIGruppe 6: Laufhunde, Schweisshunde und verwandte Rassen.Sektion 3 Verwandte Rassen.Ohne Arbeitspr\u00fcfung VerwendungVielenorts auf der Welt wird der Rhodesian Ridgeback [&hellip;]\" \/>\n<meta property=\"og:url\" content=\"https:\/\/imara-ya-furaha.ch\/en\/fci-standard\/\" \/>\n<meta property=\"og:site_name\" content=\"Imara ya Furaha\" \/>\n<meta property=\"article:publisher\" content=\"https:\/\/www.facebook.com\/AngelaDiStefanoAD\" \/>\n<meta property=\"article:modified_time\" content=\"2022-09-28T15:59:08+00:00\" \/>\n<meta property=\"og:image\" content=\"https:\/\/imara-ya-furaha.ch\/wp-content\/uploads\/2020\/06\/flower-icon-01.png\" \/>\n<meta name=\"twitter:card\" content=\"summary_large_image\" \/>\n<meta name=\"twitter:label1\" content=\"Estimated reading time\" \/>\n\t<meta name=\"twitter:data1\" content=\"5 minutes\" \/>\n<script type=\"application\/ld+json\" class=\"yoast-schema-graph\">{\"@context\":\"https:\\\/\\\/schema.org\",\"@graph\":[{\"@type\":\"WebPage\",\"@id\":\"https:\\\/\\\/imara-ya-furaha.ch\\\/fci-standard\\\/\",\"url\":\"https:\\\/\\\/imara-ya-furaha.ch\\\/fci-standard\\\/\",\"name\":\"FCI Standard - Imara ya Furaha\",\"isPartOf\":{\"@id\":\"https:\\\/\\\/imara-ya-furaha.ch\\\/#website\"},\"primaryImageOfPage\":{\"@id\":\"https:\\\/\\\/imara-ya-furaha.ch\\\/fci-standard\\\/#primaryimage\"},\"image\":{\"@id\":\"https:\\\/\\\/imara-ya-furaha.ch\\\/fci-standard\\\/#primaryimage\"},\"thumbnailUrl\":\"https:\\\/\\\/imara-ya-furaha.ch\\\/wp-content\\\/uploads\\\/2020\\\/06\\\/flower-icon-01.png\",\"datePublished\":\"2022-09-26T10:23:58+00:00\",\"dateModified\":\"2022-09-28T15:59:08+00:00\",\"breadcrumb\":{\"@id\":\"https:\\\/\\\/imara-ya-furaha.ch\\\/fci-standard\\\/#breadcrumb\"},\"inLanguage\":\"en-GB\",\"potentialAction\":[{\"@type\":\"ReadAction\",\"target\":[\"https:\\\/\\\/imara-ya-furaha.ch\\\/fci-standard\\\/\"]}]},{\"@type\":\"ImageObject\",\"inLanguage\":\"en-GB\",\"@id\":\"https:\\\/\\\/imara-ya-furaha.ch\\\/fci-standard\\\/#primaryimage\",\"url\":\"https:\\\/\\\/imara-ya-furaha.ch\\\/wp-content\\\/uploads\\\/2020\\\/06\\\/flower-icon-01.png\",\"contentUrl\":\"https:\\\/\\\/imara-ya-furaha.ch\\\/wp-content\\\/uploads\\\/2020\\\/06\\\/flower-icon-01.png\"},{\"@type\":\"BreadcrumbList\",\"@id\":\"https:\\\/\\\/imara-ya-furaha.ch\\\/fci-standard\\\/#breadcrumb\",\"itemListElement\":[{\"@type\":\"ListItem\",\"position\":1,\"name\":\"Home\",\"item\":\"https:\\\/\\\/imara-ya-furaha.ch\\\/\"},{\"@type\":\"ListItem\",\"position\":2,\"name\":\"FCI Standard\"}]},{\"@type\":\"WebSite\",\"@id\":\"https:\\\/\\\/imara-ya-furaha.ch\\\/#website\",\"url\":\"https:\\\/\\\/imara-ya-furaha.ch\\\/\",\"name\":\"Imara ya Furaha\",\"description\":\"Imara ya Furaha Rhodesian Ridgebacks\",\"publisher\":{\"@id\":\"https:\\\/\\\/imara-ya-furaha.ch\\\/#organization\"},\"potentialAction\":[{\"@type\":\"SearchAction\",\"target\":{\"@type\":\"EntryPoint\",\"urlTemplate\":\"https:\\\/\\\/imara-ya-furaha.ch\\\/?s={search_term_string}\"},\"query-input\":{\"@type\":\"PropertyValueSpecification\",\"valueRequired\":true,\"valueName\":\"search_term_string\"}}],\"inLanguage\":\"en-GB\"},{\"@type\":\"Organization\",\"@id\":\"https:\\\/\\\/imara-ya-furaha.ch\\\/#organization\",\"name\":\"Imara ya Furaha\",\"url\":\"https:\\\/\\\/imara-ya-furaha.ch\\\/\",\"logo\":{\"@type\":\"ImageObject\",\"inLanguage\":\"en-GB\",\"@id\":\"https:\\\/\\\/imara-ya-furaha.ch\\\/#\\\/schema\\\/logo\\\/image\\\/\",\"url\":\"https:\\\/\\\/imara-ya-furaha.ch\\\/wp-content\\\/uploads\\\/2022\\\/06\\\/angela_logo2.svg\",\"contentUrl\":\"https:\\\/\\\/imara-ya-furaha.ch\\\/wp-content\\\/uploads\\\/2022\\\/06\\\/angela_logo2.svg\",\"width\":2006,\"height\":2118,\"caption\":\"Imara ya Furaha\"},\"image\":{\"@id\":\"https:\\\/\\\/imara-ya-furaha.ch\\\/#\\\/schema\\\/logo\\\/image\\\/\"},\"sameAs\":[\"https:\\\/\\\/www.facebook.com\\\/AngelaDiStefanoAD\"]}]}<\/script>\n<!-- \/ Yoast SEO plugin. -->","yoast_head_json":{"title":"FCI Standard - Imara ya Furaha","robots":{"index":"index","follow":"follow","max-snippet":"max-snippet:-1","max-image-preview":"max-image-preview:large","max-video-preview":"max-video-preview:-1"},"canonical":"https:\/\/imara-ya-furaha.ch\/en\/fci-standard\/","og_locale":"en_GB","og_type":"article","og_title":"FCI Standard - Imara ya Furaha","og_description":"FCI Standard FCI-Standard Nr. 146 10.12.1996 (Datum der Publikation des g\u00fcltigen Originalstandards), \u00fcbersetzt von Herrn Jochen H. Eberhardt. Ursprung \/ HerkunftS\u00fcdliches Afrika. Standard erstellt von der Kennel Union des s\u00fcdlichen Afrika und dem Zimbabwe Kennel Club.Klassifikation FCIGruppe 6: Laufhunde, Schweisshunde und verwandte Rassen.Sektion 3 Verwandte Rassen.Ohne Arbeitspr\u00fcfung VerwendungVielenorts auf der Welt wird der Rhodesian Ridgeback [&hellip;]","og_url":"https:\/\/imara-ya-furaha.ch\/en\/fci-standard\/","og_site_name":"Imara ya Furaha","article_publisher":"https:\/\/www.facebook.com\/AngelaDiStefanoAD","article_modified_time":"2022-09-28T15:59:08+00:00","og_image":[{"url":"https:\/\/imara-ya-furaha.ch\/wp-content\/uploads\/2020\/06\/flower-icon-01.png","type":"","width":"","height":""}],"twitter_card":"summary_large_image","twitter_misc":{"Estimated reading time":"5 minutes"},"schema":{"@context":"https:\/\/schema.org","@graph":[{"@type":"WebPage","@id":"https:\/\/imara-ya-furaha.ch\/fci-standard\/","url":"https:\/\/imara-ya-furaha.ch\/fci-standard\/","name":"FCI Standard - Imara ya Furaha","isPartOf":{"@id":"https:\/\/imara-ya-furaha.ch\/#website"},"primaryImageOfPage":{"@id":"https:\/\/imara-ya-furaha.ch\/fci-standard\/#primaryimage"},"image":{"@id":"https:\/\/imara-ya-furaha.ch\/fci-standard\/#primaryimage"},"thumbnailUrl":"https:\/\/imara-ya-furaha.ch\/wp-content\/uploads\/2020\/06\/flower-icon-01.png","datePublished":"2022-09-26T10:23:58+00:00","dateModified":"2022-09-28T15:59:08+00:00","breadcrumb":{"@id":"https:\/\/imara-ya-furaha.ch\/fci-standard\/#breadcrumb"},"inLanguage":"en-GB","potentialAction":[{"@type":"ReadAction","target":["https:\/\/imara-ya-furaha.ch\/fci-standard\/"]}]},{"@type":"ImageObject","inLanguage":"en-GB","@id":"https:\/\/imara-ya-furaha.ch\/fci-standard\/#primaryimage","url":"https:\/\/imara-ya-furaha.ch\/wp-content\/uploads\/2020\/06\/flower-icon-01.png","contentUrl":"https:\/\/imara-ya-furaha.ch\/wp-content\/uploads\/2020\/06\/flower-icon-01.png"},{"@type":"BreadcrumbList","@id":"https:\/\/imara-ya-furaha.ch\/fci-standard\/#breadcrumb","itemListElement":[{"@type":"ListItem","position":1,"name":"Home","item":"https:\/\/imara-ya-furaha.ch\/"},{"@type":"ListItem","position":2,"name":"FCI Standard"}]},{"@type":"WebSite","@id":"https:\/\/imara-ya-furaha.ch\/#website","url":"https:\/\/imara-ya-furaha.ch\/","name":"Imara ya Furaha","description":"Imara ya Furaha Rhodesian Ridgebacks","publisher":{"@id":"https:\/\/imara-ya-furaha.ch\/#organization"},"potentialAction":[{"@type":"SearchAction","target":{"@type":"EntryPoint","urlTemplate":"https:\/\/imara-ya-furaha.ch\/?s={search_term_string}"},"query-input":{"@type":"PropertyValueSpecification","valueRequired":true,"valueName":"search_term_string"}}],"inLanguage":"en-GB"},{"@type":"Organization","@id":"https:\/\/imara-ya-furaha.ch\/#organization","name":"Imara ya Furaha","url":"https:\/\/imara-ya-furaha.ch\/","logo":{"@type":"ImageObject","inLanguage":"en-GB","@id":"https:\/\/imara-ya-furaha.ch\/#\/schema\/logo\/image\/","url":"https:\/\/imara-ya-furaha.ch\/wp-content\/uploads\/2022\/06\/angela_logo2.svg","contentUrl":"https:\/\/imara-ya-furaha.ch\/wp-content\/uploads\/2022\/06\/angela_logo2.svg","width":2006,"height":2118,"caption":"Imara ya Furaha"},"image":{"@id":"https:\/\/imara-ya-furaha.ch\/#\/schema\/logo\/image\/"},"sameAs":["https:\/\/www.facebook.com\/AngelaDiStefanoAD"]}]}},"_links":{"self":[{"href":"https:\/\/imara-ya-furaha.ch\/en\/wp-json\/wp\/v2\/pages\/1368","targetHints":{"allow":["GET"]}}],"collection":[{"href":"https:\/\/imara-ya-furaha.ch\/en\/wp-json\/wp\/v2\/pages"}],"about":[{"href":"https:\/\/imara-ya-furaha.ch\/en\/wp-json\/wp\/v2\/types\/page"}],"author":[{"embeddable":true,"href":"https:\/\/imara-ya-furaha.ch\/en\/wp-json\/wp\/v2\/users\/1"}],"replies":[{"embeddable":true,"href":"https:\/\/imara-ya-furaha.ch\/en\/wp-json\/wp\/v2\/comments?post=1368"}],"version-history":[{"count":0,"href":"https:\/\/imara-ya-furaha.ch\/en\/wp-json\/wp\/v2\/pages\/1368\/revisions"}],"wp:attachment":[{"href":"https:\/\/imara-ya-furaha.ch\/en\/wp-json\/wp\/v2\/media?parent=1368"}],"curies":[{"name":"wp","href":"https:\/\/api.w.org\/{rel}","templated":true}]}}