{"id":1686,"date":"2022-09-27T14:23:36","date_gmt":"2022-09-27T14:23:36","guid":{"rendered":"https:\/\/imara-ya-furaha.ch\/?page_id=1686"},"modified":"2022-09-28T15:58:47","modified_gmt":"2022-09-28T15:58:47","slug":"eigenschaften","status":"publish","type":"page","link":"https:\/\/imara-ya-furaha.ch\/en\/eigenschaften\/","title":{"rendered":"Characteristics"},"content":{"rendered":"<div data-elementor-type=\"wp-page\" data-elementor-id=\"1686\" class=\"elementor elementor-1686\" data-elementor-post-type=\"page\">\n\t\t\t\t\t\t<section class=\"elementor-section elementor-top-section elementor-element elementor-element-5a329a2 elementor-section-height-min-height elementor-section-boxed elementor-section-height-default elementor-section-items-middle\" data-id=\"5a329a2\" data-element_type=\"section\" data-e-type=\"section\" data-settings=\"{&quot;background_background&quot;:&quot;classic&quot;,&quot;shape_divider_bottom&quot;:&quot;tilt&quot;}\">\n\t\t\t\t\t\t\t<div class=\"elementor-background-overlay\"><\/div>\n\t\t\t\t\t\t<div class=\"elementor-shape elementor-shape-bottom\" aria-hidden=\"true\" data-negative=\"false\">\n\t\t\t<svg xmlns=\"http:\/\/www.w3.org\/2000\/svg\" viewbox=\"0 0 1000 100\" preserveaspectratio=\"none\">\n\t<path class=\"elementor-shape-fill\" d=\"M0,6V0h1000v100L0,6z\"\/>\n<\/svg>\t\t<\/div>\n\t\t\t\t\t<div class=\"elementor-container elementor-column-gap-no\">\n\t\t\t\t\t<div class=\"elementor-column elementor-col-100 elementor-top-column elementor-element elementor-element-28a60f4b\" data-id=\"28a60f4b\" data-element_type=\"column\" data-e-type=\"column\">\n\t\t\t<div class=\"elementor-widget-wrap elementor-element-populated\">\n\t\t\t\t\t\t<div class=\"elementor-element elementor-element-dc21a41 elementor-widget elementor-widget-heading\" data-id=\"dc21a41\" data-element_type=\"widget\" data-e-type=\"widget\" data-widget_type=\"heading.default\">\n\t\t\t\t<div class=\"elementor-widget-container\">\n\t\t\t\t\t<h1 class=\"elementor-heading-title elementor-size-default\">\nBesondere Eigenschaften\n\n<\/h1>\t\t\t\t<\/div>\n\t\t\t\t<\/div>\n\t\t\t\t<div class=\"elementor-element elementor-element-6b478e7a elementor-widget-divider--view-line_text elementor-widget-divider--element-align-center elementor-widget elementor-widget-divider\" data-id=\"6b478e7a\" data-element_type=\"widget\" data-e-type=\"widget\" data-widget_type=\"divider.default\">\n\t\t\t\t<div class=\"elementor-widget-container\">\n\t\t\t\t\t\t\t<div class=\"elementor-divider\">\n\t\t\t<span class=\"elementor-divider-separator\">\n\t\t\t\t\t\t\t<span class=\"elementor-divider__text elementor-divider__element\">\n\t\t\t\tdes Rhodesian Ridgebacks\t\t\t\t<\/span>\n\t\t\t\t\t\t<\/span>\n\t\t<\/div>\n\t\t\t\t\t\t<\/div>\n\t\t\t\t<\/div>\n\t\t\t\t\t<\/div>\n\t\t<\/div>\n\t\t\t\t\t<\/div>\n\t\t<\/section>\n\t\t\t\t<section class=\"elementor-section elementor-top-section elementor-element elementor-element-59a83950 elementor-section-boxed elementor-section-height-default elementor-section-height-default\" data-id=\"59a83950\" data-element_type=\"section\" data-e-type=\"section\">\n\t\t\t\t\t\t<div class=\"elementor-container elementor-column-gap-no\">\n\t\t\t\t\t<div class=\"elementor-column elementor-col-100 elementor-top-column elementor-element elementor-element-3c463884\" data-id=\"3c463884\" data-element_type=\"column\" data-e-type=\"column\">\n\t\t\t<div class=\"elementor-widget-wrap elementor-element-populated\">\n\t\t\t\t\t\t<div class=\"elementor-element elementor-element-71535317 elementor-widget elementor-widget-image\" data-id=\"71535317\" data-element_type=\"widget\" data-e-type=\"widget\" data-widget_type=\"image.default\">\n\t\t\t\t<div class=\"elementor-widget-container\">\n\t\t\t\t\t\t\t\t\t\t\t\t\t\t\t<img decoding=\"async\" width=\"45\" height=\"70\" src=\"https:\/\/imara-ya-furaha.ch\/wp-content\/uploads\/2020\/06\/flower-icon-01.png\" class=\"attachment-full size-full wp-image-698\" alt=\"\" \/>\t\t\t\t\t\t\t\t\t\t\t\t\t\t\t<\/div>\n\t\t\t\t<\/div>\n\t\t\t\t\t<\/div>\n\t\t<\/div>\n\t\t\t\t\t<\/div>\n\t\t<\/section>\n\t\t\t\t<section class=\"elementor-section elementor-top-section elementor-element elementor-element-8b3a536 elementor-section-boxed elementor-section-height-default elementor-section-height-default\" data-id=\"8b3a536\" data-element_type=\"section\" data-e-type=\"section\">\n\t\t\t\t\t\t<div class=\"elementor-container elementor-column-gap-default\">\n\t\t\t\t\t<div class=\"elementor-column elementor-col-100 elementor-top-column elementor-element elementor-element-446a69b\" data-id=\"446a69b\" data-element_type=\"column\" data-e-type=\"column\">\n\t\t\t<div class=\"elementor-widget-wrap elementor-element-populated\">\n\t\t\t\t\t\t<div class=\"elementor-element elementor-element-fb9d935 elementor-widget elementor-widget-text-editor\" data-id=\"fb9d935\" data-element_type=\"widget\" data-e-type=\"widget\" data-widget_type=\"text-editor.default\">\n\t\t\t\t<div class=\"elementor-widget-container\">\n\t\t\t\t\t\t\t\t\t<p><strong>Eigenschaft 1: Haarkamm<\/strong><\/p><p><span style=\"font-weight: 400;\">Was den Ridgeback von allen anderen Rassen unterscheidet, ist der markante Haarkamm am R\u00fccken, auf dem die Fellstruktur in die entgegengesetzte Richtung w\u00e4chst. Idealer Weise l\u00e4uft dieser sogenannte Ridge von der Box mit 2 gegen\u00fcberliegenden Kronen (Haarwirbeln) auf Schulterh\u00f6he,\u00a0 symmetrisch sich verj\u00fcngend bis zu den H\u00fcftknochen.<\/span><\/p><p><strong>Eigenschaft 2: Ohren<\/strong><\/p><p><span style=\"font-weight: 400;\">Die hoch angesetzten, mittelgro\u00dfen Ohren \u2013 der Behang \u2013 werden eng anliegend getragen, daf\u00fcr sorgt ein breiter Ansatz, der in einer abgerundeten \u201cSpitze\u201d ausl\u00e4uft.<\/span><\/p><p><strong>Eigenschaft 3: Kr\u00e4ftiger R\u00fccken\/Rute<\/strong><\/p><p><span style=\"font-weight: 400;\">Der kr\u00e4ftige R\u00fccken weist eine ebenso kr\u00e4ftigen Rute auf, die \u2013 von mittlerer L\u00e4nge \u2013 in einer Spitze endet. Diese Rute kann leicht gebogen getragen werden, sollte sich aber nicht ringeln.\u00a0<\/span><\/p><p><strong>Eigenschaft 4: Nasenspiegel<\/strong><\/p><p><span style=\"font-weight: 400;\">Ist der Nasenspiegel schwarz, gl\u00e4nzen die Augen in einem satten Dunkelbraun, sogenannte \u201cLivernose\u201d-Ridges haben einen braunen Nasenspiegel und bersteinfarbene Augen.<\/span><\/p><p><strong>Eigenschaft 5: Haarkleid<\/strong><\/p><p><span style=\"font-weight: 400;\">Das Haarkleid des Ridgeback ist kurz, ohne Unterwolle, fest, glatt und weizen- bis rotweizenfarbig. Wei\u00dfe Abzeichen an der Brust werden toleriert, sollten aber nicht zu stark ausgebildet sein. Ebenso ist ein dunkler Fang zul\u00e4ssig, zu viele schwarze Haare sind unerw\u00fcnscht.<\/span><\/p><p><strong>Eigenschaft 6: K\u00f6rperbau<\/strong><\/p><p><span style=\"font-weight: 400;\">Der Ridgeback ist ein gro\u00dfer, muskul\u00f6ser,\u00a0 ausgewogen gebauter Hund mit langem Hals, tiefer Brust, kr\u00e4ftigen, geraden Vorderl\u00e4ufen und einer gut gewinkelten Hinterhand. Das macht aus ihm eine ebenso elegante Erscheinung wie einen ausdauernden L\u00e4ufer.<\/span><\/p>\t\t\t\t\t\t\t\t<\/div>\n\t\t\t\t<\/div>\n\t\t\t\t\t<\/div>\n\t\t<\/div>\n\t\t\t\t\t<\/div>\n\t\t<\/section>\n\t\t\t\t<\/div>","protected":false},"excerpt":{"rendered":"<p>Besondere Eigenschaften des Rhodesian Ridgebacks Eigenschaft 1: Haarkamm Was den Ridgeback von allen anderen Rassen unterscheidet, ist der markante Haarkamm am R\u00fccken, auf dem die Fellstruktur in die entgegengesetzte Richtung w\u00e4chst. Idealer Weise l\u00e4uft dieser sogenannte Ridge von der Box mit 2 gegen\u00fcberliegenden Kronen (Haarwirbeln) auf Schulterh\u00f6he,\u00a0 symmetrisch sich verj\u00fcngend bis zu den H\u00fcftknochen. Eigenschaft [&hellip;]<\/p>","protected":false},"author":1,"featured_media":0,"parent":0,"menu_order":0,"comment_status":"closed","ping_status":"closed","template":"elementor_header_footer","meta":{"site-sidebar-layout":"no-sidebar","site-content-layout":"page-builder","ast-site-content-layout":"","site-content-style":"default","site-sidebar-style":"default","ast-global-header-display":"","ast-banner-title-visibility":"","ast-main-header-display":"","ast-hfb-above-header-display":"","ast-hfb-below-header-display":"","ast-hfb-mobile-header-display":"","site-post-title":"disabled","ast-breadcrumbs-content":"","ast-featured-img":"disabled","footer-sml-layout":"","theme-transparent-header-meta":"","adv-header-id-meta":"","stick-header-meta":"","header-above-stick-meta":"","header-main-stick-meta":"","header-below-stick-meta":"","astra-migrate-meta-layouts":"default","ast-page-background-enabled":"default","ast-page-background-meta":{"desktop":{"background-color":"","background-image":"","background-repeat":"repeat","background-position":"center center","background-size":"auto","background-attachment":"scroll","background-type":"","background-media":"","overlay-type":"","overlay-color":"","overlay-gradient":""},"tablet":{"background-color":"","background-image":"","background-repeat":"repeat","background-position":"center center","background-size":"auto","background-attachment":"scroll","background-type":"","background-media":"","overlay-type":"","overlay-color":"","overlay-gradient":""},"mobile":{"background-color":"","background-image":"","background-repeat":"repeat","background-position":"center center","background-size":"auto","background-attachment":"scroll","background-type":"","background-media":"","overlay-type":"","overlay-color":"","overlay-gradient":""}},"ast-content-background-meta":{"desktop":{"background-color":"var(--ast-global-color-5)","background-image":"","background-repeat":"repeat","background-position":"center center","background-size":"auto","background-attachment":"scroll","background-type":"","background-media":"","overlay-type":"","overlay-color":"","overlay-gradient":""},"tablet":{"background-color":"var(--ast-global-color-5)","background-image":"","background-repeat":"repeat","background-position":"center center","background-size":"auto","background-attachment":"scroll","background-type":"","background-media":"","overlay-type":"","overlay-color":"","overlay-gradient":""},"mobile":{"background-color":"var(--ast-global-color-5)","background-image":"","background-repeat":"repeat","background-position":"center center","background-size":"auto","background-attachment":"scroll","background-type":"","background-media":"","overlay-type":"","overlay-color":"","overlay-gradient":""}},"footnotes":""},"class_list":["post-1686","page","type-page","status-publish","hentry"],"yoast_head":"<!-- This site is optimized with the Yoast SEO plugin v27.4 - https:\/\/yoast.com\/product\/yoast-seo-wordpress\/ -->\n<title>Eigenschaften - Imara ya Furaha<\/title>\n<meta name=\"robots\" content=\"index, follow, max-snippet:-1, max-image-preview:large, max-video-preview:-1\" \/>\n<link rel=\"canonical\" href=\"https:\/\/imara-ya-furaha.ch\/en\/eigenschaften\/\" \/>\n<meta property=\"og:locale\" content=\"en_GB\" \/>\n<meta property=\"og:type\" content=\"article\" \/>\n<meta property=\"og:title\" content=\"Eigenschaften - Imara ya Furaha\" \/>\n<meta property=\"og:description\" content=\"Besondere Eigenschaften des Rhodesian Ridgebacks Eigenschaft 1: Haarkamm Was den Ridgeback von allen anderen Rassen unterscheidet, ist der markante Haarkamm am R\u00fccken, auf dem die Fellstruktur in die entgegengesetzte Richtung w\u00e4chst. Idealer Weise l\u00e4uft dieser sogenannte Ridge von der Box mit 2 gegen\u00fcberliegenden Kronen (Haarwirbeln) auf Schulterh\u00f6he,\u00a0 symmetrisch sich verj\u00fcngend bis zu den H\u00fcftknochen. Eigenschaft [&hellip;]\" \/>\n<meta property=\"og:url\" content=\"https:\/\/imara-ya-furaha.ch\/en\/eigenschaften\/\" \/>\n<meta property=\"og:site_name\" content=\"Imara ya Furaha\" \/>\n<meta property=\"article:publisher\" content=\"https:\/\/www.facebook.com\/AngelaDiStefanoAD\" \/>\n<meta property=\"article:modified_time\" content=\"2022-09-28T15:58:47+00:00\" \/>\n<meta property=\"og:image\" content=\"https:\/\/imara-ya-furaha.ch\/wp-content\/uploads\/2020\/06\/flower-icon-01.png\" \/>\n<meta name=\"twitter:card\" content=\"summary_large_image\" \/>\n<meta name=\"twitter:label1\" content=\"Estimated reading time\" \/>\n\t<meta name=\"twitter:data1\" content=\"2 minutes\" \/>\n<script type=\"application\/ld+json\" class=\"yoast-schema-graph\">{\"@context\":\"https:\\\/\\\/schema.org\",\"@graph\":[{\"@type\":\"WebPage\",\"@id\":\"https:\\\/\\\/imara-ya-furaha.ch\\\/eigenschaften\\\/\",\"url\":\"https:\\\/\\\/imara-ya-furaha.ch\\\/eigenschaften\\\/\",\"name\":\"Eigenschaften - Imara ya Furaha\",\"isPartOf\":{\"@id\":\"https:\\\/\\\/imara-ya-furaha.ch\\\/#website\"},\"primaryImageOfPage\":{\"@id\":\"https:\\\/\\\/imara-ya-furaha.ch\\\/eigenschaften\\\/#primaryimage\"},\"image\":{\"@id\":\"https:\\\/\\\/imara-ya-furaha.ch\\\/eigenschaften\\\/#primaryimage\"},\"thumbnailUrl\":\"https:\\\/\\\/imara-ya-furaha.ch\\\/wp-content\\\/uploads\\\/2020\\\/06\\\/flower-icon-01.png\",\"datePublished\":\"2022-09-27T14:23:36+00:00\",\"dateModified\":\"2022-09-28T15:58:47+00:00\",\"breadcrumb\":{\"@id\":\"https:\\\/\\\/imara-ya-furaha.ch\\\/eigenschaften\\\/#breadcrumb\"},\"inLanguage\":\"en-GB\",\"potentialAction\":[{\"@type\":\"ReadAction\",\"target\":[\"https:\\\/\\\/imara-ya-furaha.ch\\\/eigenschaften\\\/\"]}]},{\"@type\":\"ImageObject\",\"inLanguage\":\"en-GB\",\"@id\":\"https:\\\/\\\/imara-ya-furaha.ch\\\/eigenschaften\\\/#primaryimage\",\"url\":\"https:\\\/\\\/imara-ya-furaha.ch\\\/wp-content\\\/uploads\\\/2020\\\/06\\\/flower-icon-01.png\",\"contentUrl\":\"https:\\\/\\\/imara-ya-furaha.ch\\\/wp-content\\\/uploads\\\/2020\\\/06\\\/flower-icon-01.png\"},{\"@type\":\"BreadcrumbList\",\"@id\":\"https:\\\/\\\/imara-ya-furaha.ch\\\/eigenschaften\\\/#breadcrumb\",\"itemListElement\":[{\"@type\":\"ListItem\",\"position\":1,\"name\":\"Home\",\"item\":\"https:\\\/\\\/imara-ya-furaha.ch\\\/\"},{\"@type\":\"ListItem\",\"position\":2,\"name\":\"Eigenschaften\"}]},{\"@type\":\"WebSite\",\"@id\":\"https:\\\/\\\/imara-ya-furaha.ch\\\/#website\",\"url\":\"https:\\\/\\\/imara-ya-furaha.ch\\\/\",\"name\":\"Imara ya Furaha\",\"description\":\"Imara ya Furaha Rhodesian Ridgebacks\",\"publisher\":{\"@id\":\"https:\\\/\\\/imara-ya-furaha.ch\\\/#organization\"},\"potentialAction\":[{\"@type\":\"SearchAction\",\"target\":{\"@type\":\"EntryPoint\",\"urlTemplate\":\"https:\\\/\\\/imara-ya-furaha.ch\\\/?s={search_term_string}\"},\"query-input\":{\"@type\":\"PropertyValueSpecification\",\"valueRequired\":true,\"valueName\":\"search_term_string\"}}],\"inLanguage\":\"en-GB\"},{\"@type\":\"Organization\",\"@id\":\"https:\\\/\\\/imara-ya-furaha.ch\\\/#organization\",\"name\":\"Imara ya Furaha\",\"url\":\"https:\\\/\\\/imara-ya-furaha.ch\\\/\",\"logo\":{\"@type\":\"ImageObject\",\"inLanguage\":\"en-GB\",\"@id\":\"https:\\\/\\\/imara-ya-furaha.ch\\\/#\\\/schema\\\/logo\\\/image\\\/\",\"url\":\"https:\\\/\\\/imara-ya-furaha.ch\\\/wp-content\\\/uploads\\\/2022\\\/06\\\/angela_logo2.svg\",\"contentUrl\":\"https:\\\/\\\/imara-ya-furaha.ch\\\/wp-content\\\/uploads\\\/2022\\\/06\\\/angela_logo2.svg\",\"width\":2006,\"height\":2118,\"caption\":\"Imara ya Furaha\"},\"image\":{\"@id\":\"https:\\\/\\\/imara-ya-furaha.ch\\\/#\\\/schema\\\/logo\\\/image\\\/\"},\"sameAs\":[\"https:\\\/\\\/www.facebook.com\\\/AngelaDiStefanoAD\"]}]}<\/script>\n<!-- \/ Yoast SEO plugin. -->","yoast_head_json":{"title":"Eigenschaften - Imara ya Furaha","robots":{"index":"index","follow":"follow","max-snippet":"max-snippet:-1","max-image-preview":"max-image-preview:large","max-video-preview":"max-video-preview:-1"},"canonical":"https:\/\/imara-ya-furaha.ch\/en\/eigenschaften\/","og_locale":"en_GB","og_type":"article","og_title":"Eigenschaften - Imara ya Furaha","og_description":"Besondere Eigenschaften des Rhodesian Ridgebacks Eigenschaft 1: Haarkamm Was den Ridgeback von allen anderen Rassen unterscheidet, ist der markante Haarkamm am R\u00fccken, auf dem die Fellstruktur in die entgegengesetzte Richtung w\u00e4chst. Idealer Weise l\u00e4uft dieser sogenannte Ridge von der Box mit 2 gegen\u00fcberliegenden Kronen (Haarwirbeln) auf Schulterh\u00f6he,\u00a0 symmetrisch sich verj\u00fcngend bis zu den H\u00fcftknochen. Eigenschaft [&hellip;]","og_url":"https:\/\/imara-ya-furaha.ch\/en\/eigenschaften\/","og_site_name":"Imara ya Furaha","article_publisher":"https:\/\/www.facebook.com\/AngelaDiStefanoAD","article_modified_time":"2022-09-28T15:58:47+00:00","og_image":[{"url":"https:\/\/imara-ya-furaha.ch\/wp-content\/uploads\/2020\/06\/flower-icon-01.png","type":"","width":"","height":""}],"twitter_card":"summary_large_image","twitter_misc":{"Estimated reading time":"2 minutes"},"schema":{"@context":"https:\/\/schema.org","@graph":[{"@type":"WebPage","@id":"https:\/\/imara-ya-furaha.ch\/eigenschaften\/","url":"https:\/\/imara-ya-furaha.ch\/eigenschaften\/","name":"Eigenschaften - Imara ya Furaha","isPartOf":{"@id":"https:\/\/imara-ya-furaha.ch\/#website"},"primaryImageOfPage":{"@id":"https:\/\/imara-ya-furaha.ch\/eigenschaften\/#primaryimage"},"image":{"@id":"https:\/\/imara-ya-furaha.ch\/eigenschaften\/#primaryimage"},"thumbnailUrl":"https:\/\/imara-ya-furaha.ch\/wp-content\/uploads\/2020\/06\/flower-icon-01.png","datePublished":"2022-09-27T14:23:36+00:00","dateModified":"2022-09-28T15:58:47+00:00","breadcrumb":{"@id":"https:\/\/imara-ya-furaha.ch\/eigenschaften\/#breadcrumb"},"inLanguage":"en-GB","potentialAction":[{"@type":"ReadAction","target":["https:\/\/imara-ya-furaha.ch\/eigenschaften\/"]}]},{"@type":"ImageObject","inLanguage":"en-GB","@id":"https:\/\/imara-ya-furaha.ch\/eigenschaften\/#primaryimage","url":"https:\/\/imara-ya-furaha.ch\/wp-content\/uploads\/2020\/06\/flower-icon-01.png","contentUrl":"https:\/\/imara-ya-furaha.ch\/wp-content\/uploads\/2020\/06\/flower-icon-01.png"},{"@type":"BreadcrumbList","@id":"https:\/\/imara-ya-furaha.ch\/eigenschaften\/#breadcrumb","itemListElement":[{"@type":"ListItem","position":1,"name":"Home","item":"https:\/\/imara-ya-furaha.ch\/"},{"@type":"ListItem","position":2,"name":"Eigenschaften"}]},{"@type":"WebSite","@id":"https:\/\/imara-ya-furaha.ch\/#website","url":"https:\/\/imara-ya-furaha.ch\/","name":"Imara ya Furaha","description":"Imara ya Furaha Rhodesian Ridgebacks","publisher":{"@id":"https:\/\/imara-ya-furaha.ch\/#organization"},"potentialAction":[{"@type":"SearchAction","target":{"@type":"EntryPoint","urlTemplate":"https:\/\/imara-ya-furaha.ch\/?s={search_term_string}"},"query-input":{"@type":"PropertyValueSpecification","valueRequired":true,"valueName":"search_term_string"}}],"inLanguage":"en-GB"},{"@type":"Organization","@id":"https:\/\/imara-ya-furaha.ch\/#organization","name":"Imara ya Furaha","url":"https:\/\/imara-ya-furaha.ch\/","logo":{"@type":"ImageObject","inLanguage":"en-GB","@id":"https:\/\/imara-ya-furaha.ch\/#\/schema\/logo\/image\/","url":"https:\/\/imara-ya-furaha.ch\/wp-content\/uploads\/2022\/06\/angela_logo2.svg","contentUrl":"https:\/\/imara-ya-furaha.ch\/wp-content\/uploads\/2022\/06\/angela_logo2.svg","width":2006,"height":2118,"caption":"Imara ya Furaha"},"image":{"@id":"https:\/\/imara-ya-furaha.ch\/#\/schema\/logo\/image\/"},"sameAs":["https:\/\/www.facebook.com\/AngelaDiStefanoAD"]}]}},"_links":{"self":[{"href":"https:\/\/imara-ya-furaha.ch\/en\/wp-json\/wp\/v2\/pages\/1686","targetHints":{"allow":["GET"]}}],"collection":[{"href":"https:\/\/imara-ya-furaha.ch\/en\/wp-json\/wp\/v2\/pages"}],"about":[{"href":"https:\/\/imara-ya-furaha.ch\/en\/wp-json\/wp\/v2\/types\/page"}],"author":[{"embeddable":true,"href":"https:\/\/imara-ya-furaha.ch\/en\/wp-json\/wp\/v2\/users\/1"}],"replies":[{"embeddable":true,"href":"https:\/\/imara-ya-furaha.ch\/en\/wp-json\/wp\/v2\/comments?post=1686"}],"version-history":[{"count":0,"href":"https:\/\/imara-ya-furaha.ch\/en\/wp-json\/wp\/v2\/pages\/1686\/revisions"}],"wp:attachment":[{"href":"https:\/\/imara-ya-furaha.ch\/en\/wp-json\/wp\/v2\/media?parent=1686"}],"curies":[{"name":"wp","href":"https:\/\/api.w.org\/{rel}","templated":true}]}}