{"id":2355,"date":"2024-01-04T17:47:02","date_gmt":"2024-01-04T17:47:02","guid":{"rendered":"https:\/\/imara-ya-furaha.ch\/?page_id=2355"},"modified":"2024-03-25T10:00:27","modified_gmt":"2024-03-25T10:00:27","slug":"dog-show-handling-seminare","status":"publish","type":"page","link":"https:\/\/imara-ya-furaha.ch\/en\/dog-show-handling-seminare\/","title":{"rendered":"Seminare"},"content":{"rendered":"<div data-elementor-type=\"wp-page\" data-elementor-id=\"2355\" class=\"elementor elementor-2355\" data-elementor-post-type=\"page\">\n\t\t\t\t\t\t<section class=\"elementor-section elementor-top-section elementor-element elementor-element-eaffcfb elementor-section-height-min-height elementor-section-boxed elementor-section-height-default elementor-section-items-middle\" data-id=\"eaffcfb\" data-element_type=\"section\" data-e-type=\"section\" data-settings=\"{&quot;background_background&quot;:&quot;classic&quot;,&quot;shape_divider_bottom&quot;:&quot;tilt&quot;}\">\n\t\t\t\t\t\t\t<div class=\"elementor-background-overlay\"><\/div>\n\t\t\t\t\t\t<div class=\"elementor-shape elementor-shape-bottom\" aria-hidden=\"true\" data-negative=\"false\">\n\t\t\t<svg xmlns=\"http:\/\/www.w3.org\/2000\/svg\" viewbox=\"0 0 1000 100\" preserveaspectratio=\"none\">\n\t<path class=\"elementor-shape-fill\" d=\"M0,6V0h1000v100L0,6z\"\/>\n<\/svg>\t\t<\/div>\n\t\t\t\t\t<div class=\"elementor-container elementor-column-gap-no\">\n\t\t\t\t\t<div class=\"elementor-column elementor-col-100 elementor-top-column elementor-element elementor-element-eaa25e1\" data-id=\"eaa25e1\" data-element_type=\"column\" data-e-type=\"column\">\n\t\t\t<div class=\"elementor-widget-wrap elementor-element-populated\">\n\t\t\t\t\t\t\t<\/div>\n\t\t<\/div>\n\t\t\t\t\t<\/div>\n\t\t<\/section>\n\t\t\t\t<section class=\"elementor-section elementor-top-section elementor-element elementor-element-08dfafc elementor-section-boxed elementor-section-height-default elementor-section-height-default\" data-id=\"08dfafc\" data-element_type=\"section\" data-e-type=\"section\">\n\t\t\t\t\t\t<div class=\"elementor-container elementor-column-gap-default\">\n\t\t\t\t\t<div class=\"elementor-column elementor-col-100 elementor-top-column elementor-element elementor-element-0f85694\" data-id=\"0f85694\" data-element_type=\"column\" data-e-type=\"column\">\n\t\t\t<div class=\"elementor-widget-wrap elementor-element-populated\">\n\t\t\t\t\t\t<div class=\"elementor-element elementor-element-813f7d8 elementor-widget elementor-widget-text-editor\" data-id=\"813f7d8\" data-element_type=\"widget\" data-e-type=\"widget\" data-widget_type=\"text-editor.default\">\n\t\t\t\t<div class=\"elementor-widget-container\">\n\t\t\t\t\t\t\t\t\t<p><b>Seminar Show Handling, 2. M\u00e4rz 2024, Dottikon\/AG<\/b><\/p><p><b><img fetchpriority=\"high\" decoding=\"async\" class=\"wp-image-2479 size-full aligncenter\" src=\"https:\/\/imara-ya-furaha.ch\/wp-content\/uploads\/2024\/02\/Flyer-Seminar-2.jpg\" alt=\"\" width=\"2362\" height=\"1575\" srcset=\"https:\/\/imara-ya-furaha.ch\/wp-content\/uploads\/2024\/02\/Flyer-Seminar-2.jpg 2362w, https:\/\/imara-ya-furaha.ch\/wp-content\/uploads\/2024\/02\/Flyer-Seminar-2-300x200.jpg 300w, https:\/\/imara-ya-furaha.ch\/wp-content\/uploads\/2024\/02\/Flyer-Seminar-2-1024x683.jpg 1024w, https:\/\/imara-ya-furaha.ch\/wp-content\/uploads\/2024\/02\/Flyer-Seminar-2-768x512.jpg 768w, https:\/\/imara-ya-furaha.ch\/wp-content\/uploads\/2024\/02\/Flyer-Seminar-2-1536x1024.jpg 1536w, https:\/\/imara-ya-furaha.ch\/wp-content\/uploads\/2024\/02\/Flyer-Seminar-2-2048x1366.jpg 2048w, https:\/\/imara-ya-furaha.ch\/wp-content\/uploads\/2024\/02\/Flyer-Seminar-2-18x12.jpg 18w\" sizes=\"(max-width: 2362px) 100vw, 2362px\" \/><\/b><\/p><p><b>Seminar Show Handling, 10. M\u00e4rz 2024, Givrins\/VD<\/b><\/p><p><img decoding=\"async\" class=\"wp-image-2480 size-full aligncenter\" src=\"https:\/\/imara-ya-furaha.ch\/wp-content\/uploads\/2024\/02\/Flyer-Vaud-2.jpg\" alt=\"\" width=\"2362\" height=\"1575\" srcset=\"https:\/\/imara-ya-furaha.ch\/wp-content\/uploads\/2024\/02\/Flyer-Vaud-2.jpg 2362w, https:\/\/imara-ya-furaha.ch\/wp-content\/uploads\/2024\/02\/Flyer-Vaud-2-300x200.jpg 300w, https:\/\/imara-ya-furaha.ch\/wp-content\/uploads\/2024\/02\/Flyer-Vaud-2-1024x683.jpg 1024w, https:\/\/imara-ya-furaha.ch\/wp-content\/uploads\/2024\/02\/Flyer-Vaud-2-768x512.jpg 768w, https:\/\/imara-ya-furaha.ch\/wp-content\/uploads\/2024\/02\/Flyer-Vaud-2-1536x1024.jpg 1536w, https:\/\/imara-ya-furaha.ch\/wp-content\/uploads\/2024\/02\/Flyer-Vaud-2-2048x1366.jpg 2048w, https:\/\/imara-ya-furaha.ch\/wp-content\/uploads\/2024\/02\/Flyer-Vaud-2-18x12.jpg 18w\" sizes=\"(max-width: 2362px) 100vw, 2362px\" \/><\/p><p><b>Training f\u00fcr Ank\u00f6rung und Show, 30. M\u00e4rz 2024, Dottikon\/AG<\/b><\/p><p><img decoding=\"async\" class=\"alignnone size-medium wp-image-2573\" src=\"https:\/\/imara-ya-furaha.ch\/wp-content\/uploads\/2024\/03\/Flyer-ZZP-300x203.jpg\" alt=\"\" width=\"300\" height=\"203\" srcset=\"https:\/\/imara-ya-furaha.ch\/wp-content\/uploads\/2024\/03\/Flyer-ZZP-300x203.jpg 300w, https:\/\/imara-ya-furaha.ch\/wp-content\/uploads\/2024\/03\/Flyer-ZZP-1024x692.jpg 1024w, https:\/\/imara-ya-furaha.ch\/wp-content\/uploads\/2024\/03\/Flyer-ZZP-768x519.jpg 768w, https:\/\/imara-ya-furaha.ch\/wp-content\/uploads\/2024\/03\/Flyer-ZZP-1536x1038.jpg 1536w, https:\/\/imara-ya-furaha.ch\/wp-content\/uploads\/2024\/03\/Flyer-ZZP-18x12.jpg 18w, https:\/\/imara-ya-furaha.ch\/wp-content\/uploads\/2024\/03\/Flyer-ZZP.jpg 2019w\" sizes=\"(max-width: 300px) 100vw, 300px\" \/><\/p><p><strong style=\"font-size: 16px;\">Aufbau Theorie<\/strong><\/p><ul><li>Ablauf einer Ausstellung<\/li><li>Welche Ausstellungen gibt es<\/li><li>Klassen<\/li><li>Richtiges Training<\/li><li>Welche Showleine<\/li><li>Welche Belohnung<\/li><li>Pr\u00e4sentation im Ring<\/li><li>alles Rund um die Show<\/li><li>Fragerunde<span class=\"Apple-converted-space\">\u00a0<\/span><\/li><\/ul><p><strong>Aufbau des Trainings<\/strong><\/p><ul><li>Aufw\u00e4rmen<\/li><li>Wie stelle ich meinen Hund<\/li><li>Jedes Team wird betreut und abgestimmt<\/li><li>Welche Figuren gibt es ( Jede Figur wird Trainiert)<\/li><li>Ganzer Ablauf<\/li><li>Verschiedenen Situationen im Ring<\/li><li>Fragerunde<\/li><\/ul><p>Anmeldung \u00fcber WhatsApp oder direkt unter <a href=\"https:\/\/imara-ya-furaha.ch\/en\/dog-show-handling-termine\/\">Termine<\/a>.<\/p><p><strong>Zum mitnehmen<\/strong><\/p><ul><li>Box<\/li><li>Showleine<\/li><li>Leckerli<\/li><li>Decke<\/li><li>Wassernapf<\/li><li>Kotbeutel<\/li><li>eventuell was zum schreiben<\/li><li>Spass und Freude<\/li><\/ul>\t\t\t\t\t\t\t\t<\/div>\n\t\t\t\t<\/div>\n\t\t\t\t\t<\/div>\n\t\t<\/div>\n\t\t\t\t\t<\/div>\n\t\t<\/section>\n\t\t\t\t<\/div>","protected":false},"excerpt":{"rendered":"<p>Seminar Show Handling, 2. M\u00e4rz 2024, Dottikon\/AG Seminar Show Handling, 10. M\u00e4rz 2024, Givrins\/VD Training f\u00fcr Ank\u00f6rung und Show, 30. M\u00e4rz 2024, Dottikon\/AG Aufbau Theorie Ablauf einer Ausstellung Welche Ausstellungen gibt es Klassen Richtiges Training Welche Showleine Welche Belohnung Pr\u00e4sentation im Ring alles Rund um die Show Fragerunde\u00a0 Aufbau des Trainings Aufw\u00e4rmen Wie stelle ich [&hellip;]<\/p>","protected":false},"author":1,"featured_media":0,"parent":0,"menu_order":0,"comment_status":"closed","ping_status":"closed","template":"","meta":{"site-sidebar-layout":"no-sidebar","site-content-layout":"page-builder","ast-site-content-layout":"","site-content-style":"default","site-sidebar-style":"default","ast-global-header-display":"","ast-banner-title-visibility":"","ast-main-header-display":"","ast-hfb-above-header-display":"","ast-hfb-below-header-display":"","ast-hfb-mobile-header-display":"","site-post-title":"disabled","ast-breadcrumbs-content":"","ast-featured-img":"disabled","footer-sml-layout":"","theme-transparent-header-meta":"","adv-header-id-meta":"","stick-header-meta":"","header-above-stick-meta":"","header-main-stick-meta":"","header-below-stick-meta":"","astra-migrate-meta-layouts":"default","ast-page-background-enabled":"default","ast-page-background-meta":{"desktop":{"background-color":"","background-image":"","background-repeat":"repeat","background-position":"center center","background-size":"auto","background-attachment":"scroll","background-type":"","background-media":"","overlay-type":"","overlay-color":"","overlay-gradient":""},"tablet":{"background-color":"","background-image":"","background-repeat":"repeat","background-position":"center center","background-size":"auto","background-attachment":"scroll","background-type":"","background-media":"","overlay-type":"","overlay-color":"","overlay-gradient":""},"mobile":{"background-color":"","background-image":"","background-repeat":"repeat","background-position":"center center","background-size":"auto","background-attachment":"scroll","background-type":"","background-media":"","overlay-type":"","overlay-color":"","overlay-gradient":""}},"ast-content-background-meta":{"desktop":{"background-color":"var(--ast-global-color-5)","background-image":"","background-repeat":"repeat","background-position":"center center","background-size":"auto","background-attachment":"scroll","background-type":"","background-media":"","overlay-type":"","overlay-color":"","overlay-gradient":""},"tablet":{"background-color":"var(--ast-global-color-5)","background-image":"","background-repeat":"repeat","background-position":"center center","background-size":"auto","background-attachment":"scroll","background-type":"","background-media":"","overlay-type":"","overlay-color":"","overlay-gradient":""},"mobile":{"background-color":"var(--ast-global-color-5)","background-image":"","background-repeat":"repeat","background-position":"center center","background-size":"auto","background-attachment":"scroll","background-type":"","background-media":"","overlay-type":"","overlay-color":"","overlay-gradient":""}},"footnotes":""},"class_list":["post-2355","page","type-page","status-publish","hentry"],"yoast_head":"<!-- This site is optimized with the Yoast SEO plugin v27.4 - https:\/\/yoast.com\/product\/yoast-seo-wordpress\/ -->\n<title>Seminare - Imara ya Furaha<\/title>\n<meta name=\"robots\" content=\"index, follow, max-snippet:-1, max-image-preview:large, max-video-preview:-1\" \/>\n<link rel=\"canonical\" href=\"https:\/\/imara-ya-furaha.ch\/en\/dog-show-handling-seminare\/\" \/>\n<meta property=\"og:locale\" content=\"en_GB\" \/>\n<meta property=\"og:type\" content=\"article\" \/>\n<meta property=\"og:title\" content=\"Seminare - Imara ya Furaha\" \/>\n<meta property=\"og:description\" content=\"Seminar Show Handling, 2. M\u00e4rz 2024, Dottikon\/AG Seminar Show Handling, 10. M\u00e4rz 2024, Givrins\/VD Training f\u00fcr Ank\u00f6rung und Show, 30. M\u00e4rz 2024, Dottikon\/AG Aufbau Theorie Ablauf einer Ausstellung Welche Ausstellungen gibt es Klassen Richtiges Training Welche Showleine Welche Belohnung Pr\u00e4sentation im Ring alles Rund um die Show Fragerunde\u00a0 Aufbau des Trainings Aufw\u00e4rmen Wie stelle ich [&hellip;]\" \/>\n<meta property=\"og:url\" content=\"https:\/\/imara-ya-furaha.ch\/en\/dog-show-handling-seminare\/\" \/>\n<meta property=\"og:site_name\" content=\"Imara ya Furaha\" \/>\n<meta property=\"article:publisher\" content=\"https:\/\/www.facebook.com\/AngelaDiStefanoAD\" \/>\n<meta property=\"article:modified_time\" content=\"2024-03-25T10:00:27+00:00\" \/>\n<meta property=\"og:image\" content=\"https:\/\/imara-ya-furaha.ch\/wp-content\/uploads\/2024\/02\/Flyer-Seminar-2.jpg\" \/>\n<meta name=\"twitter:card\" content=\"summary_large_image\" \/>\n<meta name=\"twitter:label1\" content=\"Estimated reading time\" \/>\n\t<meta name=\"twitter:data1\" content=\"2 minutes\" \/>\n<script type=\"application\/ld+json\" class=\"yoast-schema-graph\">{\"@context\":\"https:\\\/\\\/schema.org\",\"@graph\":[{\"@type\":\"WebPage\",\"@id\":\"https:\\\/\\\/imara-ya-furaha.ch\\\/dog-show-handling-seminare\\\/\",\"url\":\"https:\\\/\\\/imara-ya-furaha.ch\\\/dog-show-handling-seminare\\\/\",\"name\":\"Seminare - Imara ya Furaha\",\"isPartOf\":{\"@id\":\"https:\\\/\\\/imara-ya-furaha.ch\\\/#website\"},\"primaryImageOfPage\":{\"@id\":\"https:\\\/\\\/imara-ya-furaha.ch\\\/dog-show-handling-seminare\\\/#primaryimage\"},\"image\":{\"@id\":\"https:\\\/\\\/imara-ya-furaha.ch\\\/dog-show-handling-seminare\\\/#primaryimage\"},\"thumbnailUrl\":\"https:\\\/\\\/imara-ya-furaha.ch\\\/wp-content\\\/uploads\\\/2024\\\/02\\\/Flyer-Seminar-2.jpg\",\"datePublished\":\"2024-01-04T17:47:02+00:00\",\"dateModified\":\"2024-03-25T10:00:27+00:00\",\"breadcrumb\":{\"@id\":\"https:\\\/\\\/imara-ya-furaha.ch\\\/dog-show-handling-seminare\\\/#breadcrumb\"},\"inLanguage\":\"en-GB\",\"potentialAction\":[{\"@type\":\"ReadAction\",\"target\":[\"https:\\\/\\\/imara-ya-furaha.ch\\\/dog-show-handling-seminare\\\/\"]}]},{\"@type\":\"ImageObject\",\"inLanguage\":\"en-GB\",\"@id\":\"https:\\\/\\\/imara-ya-furaha.ch\\\/dog-show-handling-seminare\\\/#primaryimage\",\"url\":\"https:\\\/\\\/imara-ya-furaha.ch\\\/wp-content\\\/uploads\\\/2024\\\/02\\\/Flyer-Seminar-2.jpg\",\"contentUrl\":\"https:\\\/\\\/imara-ya-furaha.ch\\\/wp-content\\\/uploads\\\/2024\\\/02\\\/Flyer-Seminar-2.jpg\"},{\"@type\":\"BreadcrumbList\",\"@id\":\"https:\\\/\\\/imara-ya-furaha.ch\\\/dog-show-handling-seminare\\\/#breadcrumb\",\"itemListElement\":[{\"@type\":\"ListItem\",\"position\":1,\"name\":\"Home\",\"item\":\"https:\\\/\\\/imara-ya-furaha.ch\\\/\"},{\"@type\":\"ListItem\",\"position\":2,\"name\":\"Seminare\"}]},{\"@type\":\"WebSite\",\"@id\":\"https:\\\/\\\/imara-ya-furaha.ch\\\/#website\",\"url\":\"https:\\\/\\\/imara-ya-furaha.ch\\\/\",\"name\":\"Imara ya Furaha\",\"description\":\"Imara ya Furaha Rhodesian Ridgebacks\",\"publisher\":{\"@id\":\"https:\\\/\\\/imara-ya-furaha.ch\\\/#organization\"},\"potentialAction\":[{\"@type\":\"SearchAction\",\"target\":{\"@type\":\"EntryPoint\",\"urlTemplate\":\"https:\\\/\\\/imara-ya-furaha.ch\\\/?s={search_term_string}\"},\"query-input\":{\"@type\":\"PropertyValueSpecification\",\"valueRequired\":true,\"valueName\":\"search_term_string\"}}],\"inLanguage\":\"en-GB\"},{\"@type\":\"Organization\",\"@id\":\"https:\\\/\\\/imara-ya-furaha.ch\\\/#organization\",\"name\":\"Imara ya Furaha\",\"url\":\"https:\\\/\\\/imara-ya-furaha.ch\\\/\",\"logo\":{\"@type\":\"ImageObject\",\"inLanguage\":\"en-GB\",\"@id\":\"https:\\\/\\\/imara-ya-furaha.ch\\\/#\\\/schema\\\/logo\\\/image\\\/\",\"url\":\"https:\\\/\\\/imara-ya-furaha.ch\\\/wp-content\\\/uploads\\\/2022\\\/06\\\/angela_logo2.svg\",\"contentUrl\":\"https:\\\/\\\/imara-ya-furaha.ch\\\/wp-content\\\/uploads\\\/2022\\\/06\\\/angela_logo2.svg\",\"width\":2006,\"height\":2118,\"caption\":\"Imara ya Furaha\"},\"image\":{\"@id\":\"https:\\\/\\\/imara-ya-furaha.ch\\\/#\\\/schema\\\/logo\\\/image\\\/\"},\"sameAs\":[\"https:\\\/\\\/www.facebook.com\\\/AngelaDiStefanoAD\"]}]}<\/script>\n<!-- \/ Yoast SEO plugin. -->","yoast_head_json":{"title":"Seminare - Imara ya Furaha","robots":{"index":"index","follow":"follow","max-snippet":"max-snippet:-1","max-image-preview":"max-image-preview:large","max-video-preview":"max-video-preview:-1"},"canonical":"https:\/\/imara-ya-furaha.ch\/en\/dog-show-handling-seminare\/","og_locale":"en_GB","og_type":"article","og_title":"Seminare - Imara ya Furaha","og_description":"Seminar Show Handling, 2. M\u00e4rz 2024, Dottikon\/AG Seminar Show Handling, 10. M\u00e4rz 2024, Givrins\/VD Training f\u00fcr Ank\u00f6rung und Show, 30. M\u00e4rz 2024, Dottikon\/AG Aufbau Theorie Ablauf einer Ausstellung Welche Ausstellungen gibt es Klassen Richtiges Training Welche Showleine Welche Belohnung Pr\u00e4sentation im Ring alles Rund um die Show Fragerunde\u00a0 Aufbau des Trainings Aufw\u00e4rmen Wie stelle ich [&hellip;]","og_url":"https:\/\/imara-ya-furaha.ch\/en\/dog-show-handling-seminare\/","og_site_name":"Imara ya Furaha","article_publisher":"https:\/\/www.facebook.com\/AngelaDiStefanoAD","article_modified_time":"2024-03-25T10:00:27+00:00","og_image":[{"url":"https:\/\/imara-ya-furaha.ch\/wp-content\/uploads\/2024\/02\/Flyer-Seminar-2.jpg","type":"","width":"","height":""}],"twitter_card":"summary_large_image","twitter_misc":{"Estimated reading time":"2 minutes"},"schema":{"@context":"https:\/\/schema.org","@graph":[{"@type":"WebPage","@id":"https:\/\/imara-ya-furaha.ch\/dog-show-handling-seminare\/","url":"https:\/\/imara-ya-furaha.ch\/dog-show-handling-seminare\/","name":"Seminare - Imara ya Furaha","isPartOf":{"@id":"https:\/\/imara-ya-furaha.ch\/#website"},"primaryImageOfPage":{"@id":"https:\/\/imara-ya-furaha.ch\/dog-show-handling-seminare\/#primaryimage"},"image":{"@id":"https:\/\/imara-ya-furaha.ch\/dog-show-handling-seminare\/#primaryimage"},"thumbnailUrl":"https:\/\/imara-ya-furaha.ch\/wp-content\/uploads\/2024\/02\/Flyer-Seminar-2.jpg","datePublished":"2024-01-04T17:47:02+00:00","dateModified":"2024-03-25T10:00:27+00:00","breadcrumb":{"@id":"https:\/\/imara-ya-furaha.ch\/dog-show-handling-seminare\/#breadcrumb"},"inLanguage":"en-GB","potentialAction":[{"@type":"ReadAction","target":["https:\/\/imara-ya-furaha.ch\/dog-show-handling-seminare\/"]}]},{"@type":"ImageObject","inLanguage":"en-GB","@id":"https:\/\/imara-ya-furaha.ch\/dog-show-handling-seminare\/#primaryimage","url":"https:\/\/imara-ya-furaha.ch\/wp-content\/uploads\/2024\/02\/Flyer-Seminar-2.jpg","contentUrl":"https:\/\/imara-ya-furaha.ch\/wp-content\/uploads\/2024\/02\/Flyer-Seminar-2.jpg"},{"@type":"BreadcrumbList","@id":"https:\/\/imara-ya-furaha.ch\/dog-show-handling-seminare\/#breadcrumb","itemListElement":[{"@type":"ListItem","position":1,"name":"Home","item":"https:\/\/imara-ya-furaha.ch\/"},{"@type":"ListItem","position":2,"name":"Seminare"}]},{"@type":"WebSite","@id":"https:\/\/imara-ya-furaha.ch\/#website","url":"https:\/\/imara-ya-furaha.ch\/","name":"Imara ya Furaha","description":"Imara ya Furaha Rhodesian Ridgebacks","publisher":{"@id":"https:\/\/imara-ya-furaha.ch\/#organization"},"potentialAction":[{"@type":"SearchAction","target":{"@type":"EntryPoint","urlTemplate":"https:\/\/imara-ya-furaha.ch\/?s={search_term_string}"},"query-input":{"@type":"PropertyValueSpecification","valueRequired":true,"valueName":"search_term_string"}}],"inLanguage":"en-GB"},{"@type":"Organization","@id":"https:\/\/imara-ya-furaha.ch\/#organization","name":"Imara ya Furaha","url":"https:\/\/imara-ya-furaha.ch\/","logo":{"@type":"ImageObject","inLanguage":"en-GB","@id":"https:\/\/imara-ya-furaha.ch\/#\/schema\/logo\/image\/","url":"https:\/\/imara-ya-furaha.ch\/wp-content\/uploads\/2022\/06\/angela_logo2.svg","contentUrl":"https:\/\/imara-ya-furaha.ch\/wp-content\/uploads\/2022\/06\/angela_logo2.svg","width":2006,"height":2118,"caption":"Imara ya Furaha"},"image":{"@id":"https:\/\/imara-ya-furaha.ch\/#\/schema\/logo\/image\/"},"sameAs":["https:\/\/www.facebook.com\/AngelaDiStefanoAD"]}]}},"_links":{"self":[{"href":"https:\/\/imara-ya-furaha.ch\/en\/wp-json\/wp\/v2\/pages\/2355","targetHints":{"allow":["GET"]}}],"collection":[{"href":"https:\/\/imara-ya-furaha.ch\/en\/wp-json\/wp\/v2\/pages"}],"about":[{"href":"https:\/\/imara-ya-furaha.ch\/en\/wp-json\/wp\/v2\/types\/page"}],"author":[{"embeddable":true,"href":"https:\/\/imara-ya-furaha.ch\/en\/wp-json\/wp\/v2\/users\/1"}],"replies":[{"embeddable":true,"href":"https:\/\/imara-ya-furaha.ch\/en\/wp-json\/wp\/v2\/comments?post=2355"}],"version-history":[{"count":0,"href":"https:\/\/imara-ya-furaha.ch\/en\/wp-json\/wp\/v2\/pages\/2355\/revisions"}],"wp:attachment":[{"href":"https:\/\/imara-ya-furaha.ch\/en\/wp-json\/wp\/v2\/media?parent=2355"}],"curies":[{"name":"wp","href":"https:\/\/api.w.org\/{rel}","templated":true}]}}