{"id":859,"date":"2022-06-08T21:52:18","date_gmt":"2022-06-08T21:52:18","guid":{"rendered":"https:\/\/imara-ya-furaha.ch\/?page_id=859"},"modified":"2023-11-12T13:29:16","modified_gmt":"2023-11-12T13:29:16","slug":"uber-uns","status":"publish","type":"page","link":"https:\/\/imara-ya-furaha.ch\/en\/uber-uns\/","title":{"rendered":"About us"},"content":{"rendered":"<div data-elementor-type=\"wp-page\" data-elementor-id=\"859\" class=\"elementor elementor-859\" data-elementor-post-type=\"page\">\n\t\t\t\t\t\t<section class=\"elementor-section elementor-top-section elementor-element elementor-element-5a329a2 elementor-section-height-min-height elementor-section-boxed elementor-section-height-default elementor-section-items-middle\" data-id=\"5a329a2\" data-element_type=\"section\" data-e-type=\"section\" data-settings=\"{&quot;background_background&quot;:&quot;classic&quot;,&quot;shape_divider_bottom&quot;:&quot;tilt&quot;}\">\n\t\t\t\t\t\t\t<div class=\"elementor-background-overlay\"><\/div>\n\t\t\t\t\t\t<div class=\"elementor-shape elementor-shape-bottom\" aria-hidden=\"true\" data-negative=\"false\">\n\t\t\t<svg xmlns=\"http:\/\/www.w3.org\/2000\/svg\" viewbox=\"0 0 1000 100\" preserveaspectratio=\"none\">\n\t<path class=\"elementor-shape-fill\" d=\"M0,6V0h1000v100L0,6z\"\/>\n<\/svg>\t\t<\/div>\n\t\t\t\t\t<div class=\"elementor-container elementor-column-gap-no\">\n\t\t\t\t\t<div class=\"elementor-column elementor-col-100 elementor-top-column elementor-element elementor-element-28a60f4b\" data-id=\"28a60f4b\" data-element_type=\"column\" data-e-type=\"column\">\n\t\t\t<div class=\"elementor-widget-wrap elementor-element-populated\">\n\t\t\t\t\t\t<div class=\"elementor-element elementor-element-dc21a41 elementor-widget elementor-widget-heading\" data-id=\"dc21a41\" data-element_type=\"widget\" data-e-type=\"widget\" data-widget_type=\"heading.default\">\n\t\t\t\t<div class=\"elementor-widget-container\">\n\t\t\t\t\t<h1 class=\"elementor-heading-title elementor-size-default\">About us<\/h1>\t\t\t\t<\/div>\n\t\t\t\t<\/div>\n\t\t\t\t<div class=\"elementor-element elementor-element-6b478e7a elementor-widget-divider--view-line_text elementor-widget-divider--element-align-center elementor-widget elementor-widget-divider\" data-id=\"6b478e7a\" data-element_type=\"widget\" data-e-type=\"widget\" data-widget_type=\"divider.default\">\n\t\t\t\t<div class=\"elementor-widget-container\">\n\t\t\t\t\t\t\t<div class=\"elementor-divider\">\n\t\t\t<span class=\"elementor-divider-separator\">\n\t\t\t\t\t\t\t<span class=\"elementor-divider__text elementor-divider__element\">\n\t\t\t\tFamily and dogs\t\t\t\t<\/span>\n\t\t\t\t\t\t<\/span>\n\t\t<\/div>\n\t\t\t\t\t\t<\/div>\n\t\t\t\t<\/div>\n\t\t\t\t\t<\/div>\n\t\t<\/div>\n\t\t\t\t\t<\/div>\n\t\t<\/section>\n\t\t\t\t<section class=\"elementor-section elementor-top-section elementor-element elementor-element-59a83950 elementor-section-boxed elementor-section-height-default elementor-section-height-default\" data-id=\"59a83950\" data-element_type=\"section\" data-e-type=\"section\">\n\t\t\t\t\t\t<div class=\"elementor-container elementor-column-gap-no\">\n\t\t\t\t\t<div class=\"elementor-column elementor-col-100 elementor-top-column elementor-element elementor-element-3c463884\" data-id=\"3c463884\" data-element_type=\"column\" data-e-type=\"column\">\n\t\t\t<div class=\"elementor-widget-wrap elementor-element-populated\">\n\t\t\t\t\t\t<div class=\"elementor-element elementor-element-71535317 elementor-widget elementor-widget-image\" data-id=\"71535317\" data-element_type=\"widget\" data-e-type=\"widget\" data-widget_type=\"image.default\">\n\t\t\t\t<div class=\"elementor-widget-container\">\n\t\t\t\t\t\t\t\t\t\t\t\t\t\t\t<img decoding=\"async\" width=\"45\" height=\"70\" src=\"https:\/\/imara-ya-furaha.ch\/wp-content\/uploads\/2020\/06\/flower-icon-01.png\" class=\"attachment-full size-full wp-image-698\" alt=\"\" \/>\t\t\t\t\t\t\t\t\t\t\t\t\t\t\t<\/div>\n\t\t\t\t<\/div>\n\t\t\t\t<div class=\"elementor-element elementor-element-716f1559 elementor-widget elementor-widget-text-editor\" data-id=\"716f1559\" data-element_type=\"widget\" data-e-type=\"widget\" data-widget_type=\"text-editor.default\">\n\t\t\t\t<div class=\"elementor-widget-container\">\n\t\t\t\t\t\t\t\t\t<p><span style=\"font-weight: 400;\">Wir sind eine dreik\u00f6pfige Familie. Ich,\u00a0 Angela mit meinen beiden Kindern Aveline und Aleandro.<\/span><\/p><p><span style=\"font-weight: 400;\">We live in beautiful Aargau in the municipality of Dottikon.<\/span><\/p><p><span style=\"font-weight: 400;\">On foot we are quickly in the forest, on huge fields and at the stream.<\/span><\/p><p><span style=\"font-weight: 400;\">Sch\u00f6ne Spazierg\u00e4nge sind garantiert.<\/span><\/p><p><span style=\"font-weight: 400;\">I grew up in a sport horse stable. Horses and dogs have always been a big part of my life. When I left home, I knew I wanted to work with dogs. Due to my work in the catering trade at the time, a large dog was unfortunately not possible. So there was my first Chihuahua. Yes right, a Chihuahua.\u00a0<\/span><\/p><p><span style=\"font-weight: 400;\">The Chihuahuas are active in agility and hiking, of course also when cuddling. In the meantime two Galgos lived with us. These two greyhounds were rescued from Spain. We accepted them into our family and after good socialization they were allowed to go to a new family together. It was an educational experience.\u00a0<\/span><\/p><p><span style=\"font-weight: 400;\">I have always been an advocate for dogs and still am today. Dogs are part of my life and ours.\u00a0<\/span><\/p><p><span style=\"font-weight: 400;\">Today, our Rhodesian Ridgebacks and Chihuahuas live with us. Every day we experience wonderful hours together. We enjoy leisurely walks together and relax in our large garden. On cold days there is an indoor activity room.\u00a0<\/span><\/p><p><span style=\"font-weight: 400;\">Of course, training is also part of it. On certain days, more intense than on others. However, an ABC is part of the daily routine.\u00a0<\/span><\/p><p><span style=\"font-weight: 400;\">Breeding Rhodesian Ridgebacks has been my dream for many years. In September 2020 our Bubi Madiba came into our family. On May 1st, 2022 he passed the breeding license test with flying colors.<\/span><\/p><p><span style=\"font-weight: 400;\">Believe and Hope are our two girls. Now we are excited to see where the path will lead us. Because that's the be-all and end-all. Everyone should be happy, have fun and very importantly, one step at a time,\u00a0<\/span><\/p><p><span style=\"font-weight: 400;\">The Rhodesian Ridgebacks do shows with me too. It's important for us to have fun with it. Because they are part of our family.<\/span><\/p><p><span style=\"font-weight: 400;\">Constant further training in the field of cynology is an enrichment for my breeding.<\/span><\/p>\t\t\t\t\t\t\t\t<\/div>\n\t\t\t\t<\/div>\n\t\t\t\t\t<\/div>\n\t\t<\/div>\n\t\t\t\t\t<\/div>\n\t\t<\/section>\n\t\t\t\t<\/div>","protected":false},"excerpt":{"rendered":"<p>\u00dcber uns Familie und Hunde Wir sind eine dreik\u00f6pfige Familie. Ich,\u00a0 Angela mit meinen beiden Kindern Aveline und Aleandro. Wir wohnen im sch\u00f6nen Aargau in der Gemeinde Dottikon. Zu Fuss sind wir schnell im Wald, auf riesigen Feldern und am Bach. Sch\u00f6ne Spazierg\u00e4nge sind garantiert. Ich wuchs in einem Sportpferdestall auf. Pferde und Hunde waren [&hellip;]<\/p>","protected":false},"author":1,"featured_media":0,"parent":0,"menu_order":0,"comment_status":"closed","ping_status":"closed","template":"elementor_header_footer","meta":{"site-sidebar-layout":"no-sidebar","site-content-layout":"page-builder","ast-site-content-layout":"","site-content-style":"default","site-sidebar-style":"default","ast-global-header-display":"","ast-banner-title-visibility":"","ast-main-header-display":"","ast-hfb-above-header-display":"","ast-hfb-below-header-display":"","ast-hfb-mobile-header-display":"","site-post-title":"disabled","ast-breadcrumbs-content":"","ast-featured-img":"disabled","footer-sml-layout":"","theme-transparent-header-meta":"","adv-header-id-meta":"","stick-header-meta":"","header-above-stick-meta":"","header-main-stick-meta":"","header-below-stick-meta":"","astra-migrate-meta-layouts":"default","ast-page-background-enabled":"default","ast-page-background-meta":{"desktop":{"background-color":"","background-image":"","background-repeat":"repeat","background-position":"center center","background-size":"auto","background-attachment":"scroll","background-type":"","background-media":"","overlay-type":"","overlay-color":"","overlay-gradient":""},"tablet":{"background-color":"","background-image":"","background-repeat":"repeat","background-position":"center center","background-size":"auto","background-attachment":"scroll","background-type":"","background-media":"","overlay-type":"","overlay-color":"","overlay-gradient":""},"mobile":{"background-color":"","background-image":"","background-repeat":"repeat","background-position":"center center","background-size":"auto","background-attachment":"scroll","background-type":"","background-media":"","overlay-type":"","overlay-color":"","overlay-gradient":""}},"ast-content-background-meta":{"desktop":{"background-color":"var(--ast-global-color-5)","background-image":"","background-repeat":"repeat","background-position":"center center","background-size":"auto","background-attachment":"scroll","background-type":"","background-media":"","overlay-type":"","overlay-color":"","overlay-gradient":""},"tablet":{"background-color":"var(--ast-global-color-5)","background-image":"","background-repeat":"repeat","background-position":"center center","background-size":"auto","background-attachment":"scroll","background-type":"","background-media":"","overlay-type":"","overlay-color":"","overlay-gradient":""},"mobile":{"background-color":"var(--ast-global-color-5)","background-image":"","background-repeat":"repeat","background-position":"center center","background-size":"auto","background-attachment":"scroll","background-type":"","background-media":"","overlay-type":"","overlay-color":"","overlay-gradient":""}},"footnotes":""},"class_list":["post-859","page","type-page","status-publish","hentry"],"yoast_head":"<!-- This site is optimized with the Yoast SEO plugin v27.4 - https:\/\/yoast.com\/product\/yoast-seo-wordpress\/ -->\n<title>\u00dcber uns - Imara ya Furaha<\/title>\n<meta name=\"robots\" content=\"index, follow, max-snippet:-1, max-image-preview:large, max-video-preview:-1\" \/>\n<link rel=\"canonical\" href=\"https:\/\/imara-ya-furaha.ch\/en\/uber-uns\/\" \/>\n<meta property=\"og:locale\" content=\"en_GB\" \/>\n<meta property=\"og:type\" content=\"article\" \/>\n<meta property=\"og:title\" content=\"\u00dcber uns - Imara ya Furaha\" \/>\n<meta property=\"og:description\" content=\"\u00dcber uns Familie und Hunde Wir sind eine dreik\u00f6pfige Familie. Ich,\u00a0 Angela mit meinen beiden Kindern Aveline und Aleandro. Wir wohnen im sch\u00f6nen Aargau in der Gemeinde Dottikon. Zu Fuss sind wir schnell im Wald, auf riesigen Feldern und am Bach. Sch\u00f6ne Spazierg\u00e4nge sind garantiert. Ich wuchs in einem Sportpferdestall auf. Pferde und Hunde waren [&hellip;]\" \/>\n<meta property=\"og:url\" content=\"https:\/\/imara-ya-furaha.ch\/en\/uber-uns\/\" \/>\n<meta property=\"og:site_name\" content=\"Imara ya Furaha\" \/>\n<meta property=\"article:publisher\" content=\"https:\/\/www.facebook.com\/AngelaDiStefanoAD\" \/>\n<meta property=\"article:modified_time\" content=\"2023-11-12T13:29:16+00:00\" \/>\n<meta property=\"og:image\" content=\"https:\/\/imara-ya-furaha.ch\/wp-content\/uploads\/2020\/06\/flower-icon-01.png\" \/>\n<meta name=\"twitter:card\" content=\"summary_large_image\" \/>\n<meta name=\"twitter:label1\" content=\"Estimated reading time\" \/>\n\t<meta name=\"twitter:data1\" content=\"2 minutes\" \/>\n<script type=\"application\/ld+json\" class=\"yoast-schema-graph\">{\"@context\":\"https:\\\/\\\/schema.org\",\"@graph\":[{\"@type\":\"WebPage\",\"@id\":\"https:\\\/\\\/imara-ya-furaha.ch\\\/uber-uns\\\/\",\"url\":\"https:\\\/\\\/imara-ya-furaha.ch\\\/uber-uns\\\/\",\"name\":\"\u00dcber uns - Imara ya Furaha\",\"isPartOf\":{\"@id\":\"https:\\\/\\\/imara-ya-furaha.ch\\\/#website\"},\"primaryImageOfPage\":{\"@id\":\"https:\\\/\\\/imara-ya-furaha.ch\\\/uber-uns\\\/#primaryimage\"},\"image\":{\"@id\":\"https:\\\/\\\/imara-ya-furaha.ch\\\/uber-uns\\\/#primaryimage\"},\"thumbnailUrl\":\"https:\\\/\\\/imara-ya-furaha.ch\\\/wp-content\\\/uploads\\\/2020\\\/06\\\/flower-icon-01.png\",\"datePublished\":\"2022-06-08T21:52:18+00:00\",\"dateModified\":\"2023-11-12T13:29:16+00:00\",\"breadcrumb\":{\"@id\":\"https:\\\/\\\/imara-ya-furaha.ch\\\/uber-uns\\\/#breadcrumb\"},\"inLanguage\":\"en-GB\",\"potentialAction\":[{\"@type\":\"ReadAction\",\"target\":[\"https:\\\/\\\/imara-ya-furaha.ch\\\/uber-uns\\\/\"]}]},{\"@type\":\"ImageObject\",\"inLanguage\":\"en-GB\",\"@id\":\"https:\\\/\\\/imara-ya-furaha.ch\\\/uber-uns\\\/#primaryimage\",\"url\":\"https:\\\/\\\/imara-ya-furaha.ch\\\/wp-content\\\/uploads\\\/2020\\\/06\\\/flower-icon-01.png\",\"contentUrl\":\"https:\\\/\\\/imara-ya-furaha.ch\\\/wp-content\\\/uploads\\\/2020\\\/06\\\/flower-icon-01.png\"},{\"@type\":\"BreadcrumbList\",\"@id\":\"https:\\\/\\\/imara-ya-furaha.ch\\\/uber-uns\\\/#breadcrumb\",\"itemListElement\":[{\"@type\":\"ListItem\",\"position\":1,\"name\":\"Home\",\"item\":\"https:\\\/\\\/imara-ya-furaha.ch\\\/\"},{\"@type\":\"ListItem\",\"position\":2,\"name\":\"\u00dcber uns\"}]},{\"@type\":\"WebSite\",\"@id\":\"https:\\\/\\\/imara-ya-furaha.ch\\\/#website\",\"url\":\"https:\\\/\\\/imara-ya-furaha.ch\\\/\",\"name\":\"Imara ya Furaha\",\"description\":\"Imara ya Furaha Rhodesian Ridgebacks\",\"publisher\":{\"@id\":\"https:\\\/\\\/imara-ya-furaha.ch\\\/#organization\"},\"potentialAction\":[{\"@type\":\"SearchAction\",\"target\":{\"@type\":\"EntryPoint\",\"urlTemplate\":\"https:\\\/\\\/imara-ya-furaha.ch\\\/?s={search_term_string}\"},\"query-input\":{\"@type\":\"PropertyValueSpecification\",\"valueRequired\":true,\"valueName\":\"search_term_string\"}}],\"inLanguage\":\"en-GB\"},{\"@type\":\"Organization\",\"@id\":\"https:\\\/\\\/imara-ya-furaha.ch\\\/#organization\",\"name\":\"Imara ya Furaha\",\"url\":\"https:\\\/\\\/imara-ya-furaha.ch\\\/\",\"logo\":{\"@type\":\"ImageObject\",\"inLanguage\":\"en-GB\",\"@id\":\"https:\\\/\\\/imara-ya-furaha.ch\\\/#\\\/schema\\\/logo\\\/image\\\/\",\"url\":\"https:\\\/\\\/imara-ya-furaha.ch\\\/wp-content\\\/uploads\\\/2022\\\/06\\\/angela_logo2.svg\",\"contentUrl\":\"https:\\\/\\\/imara-ya-furaha.ch\\\/wp-content\\\/uploads\\\/2022\\\/06\\\/angela_logo2.svg\",\"width\":2006,\"height\":2118,\"caption\":\"Imara ya Furaha\"},\"image\":{\"@id\":\"https:\\\/\\\/imara-ya-furaha.ch\\\/#\\\/schema\\\/logo\\\/image\\\/\"},\"sameAs\":[\"https:\\\/\\\/www.facebook.com\\\/AngelaDiStefanoAD\"]}]}<\/script>\n<!-- \/ Yoast SEO plugin. -->","yoast_head_json":{"title":"\u00dcber uns - Imara ya Furaha","robots":{"index":"index","follow":"follow","max-snippet":"max-snippet:-1","max-image-preview":"max-image-preview:large","max-video-preview":"max-video-preview:-1"},"canonical":"https:\/\/imara-ya-furaha.ch\/en\/uber-uns\/","og_locale":"en_GB","og_type":"article","og_title":"\u00dcber uns - Imara ya Furaha","og_description":"\u00dcber uns Familie und Hunde Wir sind eine dreik\u00f6pfige Familie. Ich,\u00a0 Angela mit meinen beiden Kindern Aveline und Aleandro. Wir wohnen im sch\u00f6nen Aargau in der Gemeinde Dottikon. Zu Fuss sind wir schnell im Wald, auf riesigen Feldern und am Bach. Sch\u00f6ne Spazierg\u00e4nge sind garantiert. Ich wuchs in einem Sportpferdestall auf. Pferde und Hunde waren [&hellip;]","og_url":"https:\/\/imara-ya-furaha.ch\/en\/uber-uns\/","og_site_name":"Imara ya Furaha","article_publisher":"https:\/\/www.facebook.com\/AngelaDiStefanoAD","article_modified_time":"2023-11-12T13:29:16+00:00","og_image":[{"url":"https:\/\/imara-ya-furaha.ch\/wp-content\/uploads\/2020\/06\/flower-icon-01.png","type":"","width":"","height":""}],"twitter_card":"summary_large_image","twitter_misc":{"Estimated reading time":"2 minutes"},"schema":{"@context":"https:\/\/schema.org","@graph":[{"@type":"WebPage","@id":"https:\/\/imara-ya-furaha.ch\/uber-uns\/","url":"https:\/\/imara-ya-furaha.ch\/uber-uns\/","name":"\u00dcber uns - Imara ya Furaha","isPartOf":{"@id":"https:\/\/imara-ya-furaha.ch\/#website"},"primaryImageOfPage":{"@id":"https:\/\/imara-ya-furaha.ch\/uber-uns\/#primaryimage"},"image":{"@id":"https:\/\/imara-ya-furaha.ch\/uber-uns\/#primaryimage"},"thumbnailUrl":"https:\/\/imara-ya-furaha.ch\/wp-content\/uploads\/2020\/06\/flower-icon-01.png","datePublished":"2022-06-08T21:52:18+00:00","dateModified":"2023-11-12T13:29:16+00:00","breadcrumb":{"@id":"https:\/\/imara-ya-furaha.ch\/uber-uns\/#breadcrumb"},"inLanguage":"en-GB","potentialAction":[{"@type":"ReadAction","target":["https:\/\/imara-ya-furaha.ch\/uber-uns\/"]}]},{"@type":"ImageObject","inLanguage":"en-GB","@id":"https:\/\/imara-ya-furaha.ch\/uber-uns\/#primaryimage","url":"https:\/\/imara-ya-furaha.ch\/wp-content\/uploads\/2020\/06\/flower-icon-01.png","contentUrl":"https:\/\/imara-ya-furaha.ch\/wp-content\/uploads\/2020\/06\/flower-icon-01.png"},{"@type":"BreadcrumbList","@id":"https:\/\/imara-ya-furaha.ch\/uber-uns\/#breadcrumb","itemListElement":[{"@type":"ListItem","position":1,"name":"Home","item":"https:\/\/imara-ya-furaha.ch\/"},{"@type":"ListItem","position":2,"name":"\u00dcber uns"}]},{"@type":"WebSite","@id":"https:\/\/imara-ya-furaha.ch\/#website","url":"https:\/\/imara-ya-furaha.ch\/","name":"Imara ya Furaha","description":"Imara ya Furaha Rhodesian Ridgebacks","publisher":{"@id":"https:\/\/imara-ya-furaha.ch\/#organization"},"potentialAction":[{"@type":"SearchAction","target":{"@type":"EntryPoint","urlTemplate":"https:\/\/imara-ya-furaha.ch\/?s={search_term_string}"},"query-input":{"@type":"PropertyValueSpecification","valueRequired":true,"valueName":"search_term_string"}}],"inLanguage":"en-GB"},{"@type":"Organization","@id":"https:\/\/imara-ya-furaha.ch\/#organization","name":"Imara ya Furaha","url":"https:\/\/imara-ya-furaha.ch\/","logo":{"@type":"ImageObject","inLanguage":"en-GB","@id":"https:\/\/imara-ya-furaha.ch\/#\/schema\/logo\/image\/","url":"https:\/\/imara-ya-furaha.ch\/wp-content\/uploads\/2022\/06\/angela_logo2.svg","contentUrl":"https:\/\/imara-ya-furaha.ch\/wp-content\/uploads\/2022\/06\/angela_logo2.svg","width":2006,"height":2118,"caption":"Imara ya Furaha"},"image":{"@id":"https:\/\/imara-ya-furaha.ch\/#\/schema\/logo\/image\/"},"sameAs":["https:\/\/www.facebook.com\/AngelaDiStefanoAD"]}]}},"_links":{"self":[{"href":"https:\/\/imara-ya-furaha.ch\/en\/wp-json\/wp\/v2\/pages\/859","targetHints":{"allow":["GET"]}}],"collection":[{"href":"https:\/\/imara-ya-furaha.ch\/en\/wp-json\/wp\/v2\/pages"}],"about":[{"href":"https:\/\/imara-ya-furaha.ch\/en\/wp-json\/wp\/v2\/types\/page"}],"author":[{"embeddable":true,"href":"https:\/\/imara-ya-furaha.ch\/en\/wp-json\/wp\/v2\/users\/1"}],"replies":[{"embeddable":true,"href":"https:\/\/imara-ya-furaha.ch\/en\/wp-json\/wp\/v2\/comments?post=859"}],"version-history":[{"count":0,"href":"https:\/\/imara-ya-furaha.ch\/en\/wp-json\/wp\/v2\/pages\/859\/revisions"}],"wp:attachment":[{"href":"https:\/\/imara-ya-furaha.ch\/en\/wp-json\/wp\/v2\/media?parent=859"}],"curies":[{"name":"wp","href":"https:\/\/api.w.org\/{rel}","templated":true}]}}